{"id":108,"date":"2019-06-03T23:51:29","date_gmt":"2019-06-03T23:51:29","guid":{"rendered":"http:\/\/www.kamenityvrch.cz\/?page_id=108"},"modified":"2023-03-05T21:24:20","modified_gmt":"2023-03-05T21:24:20","slug":"kontakt","status":"publish","type":"page","link":"https:\/\/www.kamenityvrch.cz\/index.php\/kontakt\/","title":{"rendered":"Kontakt"},"content":{"rendered":"\n<h4 class=\"wp-block-heading\">Kamenit\u00fd vrch, z.s.<\/h4>\n\n\n\n<p>V Potoc\u00edch ev. \u010d. 318<br> 252 10, \u010cernolice<\/p>\n\n\n\n<p>Tel.:  +420 776 643 102<br>E-mail:\u00a0info @ kamenityvrch.cz<br>Facebook:  <a href=\"https:\/\/www.facebook.com\/kamenityvrch\/\">https:\/\/www.facebook.com\/kamenityvrch\/<\/a><\/p>\n\n\n\n<p>I\u010cO: 08264911<br>\u010c\u00edslo \u00fa\u010dtu: 2101658740\/2010 <\/p>\n\n\n\n<p>V\u00fdro\u010dn\u00ed zpr\u00e1vy &#8211; pro zasl\u00e1n\u00ed v\u00fdro\u010dn\u00edch zpr\u00e1v n\u00e1m napi\u0161te <br>na info @ kamenityvrch.cz .<\/p>\n    <!-- sktbuilder starter --><script type=\"text\/javascript\" src=\"https:\/\/www.kamenityvrch.cz\/wp-content\/plugins\/skt-builder\/sktbuilder\/sktbuilder-frontend-starter.js\"><\/script><script type=\"text\/javascript\" src=\"https:\/\/www.kamenityvrch.cz\/wp-content\/plugins\/skt-builder\/sktbuilder-wordpress-driver.js\"><\/script><script type=\"text\/javascript\"> var starter = new SktbuilderStarter({\"mode\": \"prod\", \"skip\":[\"jquery\",\"underscore\",\"backbone\"],\"sktbuilderUrl\": \"https:\/\/www.kamenityvrch.cz\/wp-content\/plugins\/skt-builder\/sktbuilder\/\", \"driver\": new SktbuilderWordpressDriver({\"ajaxUrl\": \"https:\/\/www.kamenityvrch.cz\/wp-admin\/admin-ajax.php\", \"iframeUrl\": \"https:\/\/www.kamenityvrch.cz\/index.php\/kontakt\/?sktbuilder=true\", \"pageId\": 108, \"pages\": [{\"title\":\"Novinky\",\"url\":\"https:\\\/\\\/www.kamenityvrch.cz\\\/wp-admin\\\/post.php?post=102&action=sktbuilder\"}], \"page\": \"Kontakt\" }) });<\/script><!-- end sktbuilder starter -->","protected":false},"excerpt":{"rendered":"<p>Kamenit\u00fd vrch, z.s. V Potoc\u00edch ev. \u010d. 318 252 10, \u010cernolice Tel.: +420 776 643 102E-mail:\u00a0info @ kamenityvrch.czFacebook: https:\/\/www.facebook.com\/kamenityvrch\/ I\u010cO: 08264911\u010c\u00edslo \u00fa\u010dtu: 2101658740\/2010 V\u00fdro\u010dn\u00ed zpr\u00e1vy &#8211; pro zasl\u00e1n\u00ed v\u00fdro\u010dn\u00edch zpr\u00e1v n\u00e1m napi\u0161te na info @ kamenityvrch.cz .<\/p>\n","protected":false},"author":1,"featured_media":0,"parent":0,"menu_order":0,"comment_status":"closed","ping_status":"closed","template":"templates\/page-nosidebar_template.php","meta":{"footnotes":""},"_links":{"self":[{"href":"https:\/\/www.kamenityvrch.cz\/index.php\/wp-json\/wp\/v2\/pages\/108"}],"collection":[{"href":"https:\/\/www.kamenityvrch.cz\/index.php\/wp-json\/wp\/v2\/pages"}],"about":[{"href":"https:\/\/www.kamenityvrch.cz\/index.php\/wp-json\/wp\/v2\/types\/page"}],"author":[{"embeddable":true,"href":"https:\/\/www.kamenityvrch.cz\/index.php\/wp-json\/wp\/v2\/users\/1"}],"replies":[{"embeddable":true,"href":"https:\/\/www.kamenityvrch.cz\/index.php\/wp-json\/wp\/v2\/comments?post=108"}],"version-history":[{"count":12,"href":"https:\/\/www.kamenityvrch.cz\/index.php\/wp-json\/wp\/v2\/pages\/108\/revisions"}],"predecessor-version":[{"id":2497,"href":"https:\/\/www.kamenityvrch.cz\/index.php\/wp-json\/wp\/v2\/pages\/108\/revisions\/2497"}],"wp:attachment":[{"href":"https:\/\/www.kamenityvrch.cz\/index.php\/wp-json\/wp\/v2\/media?parent=108"}],"curies":[{"name":"wp","href":"https:\/\/api.w.org\/{rel}","templated":true}]}}