{"id":1094,"date":"2020-09-26T13:17:45","date_gmt":"2020-09-26T13:17:45","guid":{"rendered":"http:\/\/www.kamenityvrch.cz\/?page_id=1094"},"modified":"2025-06-08T13:39:45","modified_gmt":"2025-06-08T13:39:45","slug":"rehabilitace-hrou","status":"publish","type":"page","link":"https:\/\/www.kamenityvrch.cz\/index.php\/rehabilitace-hrou\/","title":{"rendered":"Rehabilitace hrou"},"content":{"rendered":"\n<p>P\u0159i tr\u00e9ninku motorick\u00fdch a kognitivn\u00edch funkc\u00ed r\u00e1di za\u0159azujeme hern\u00ed prvky, kter\u00e9 zvy\u0161uj\u00ed motivaci a efektivitu u\u010den\u00ed.<\/p>\n\n\n\n<h2 class=\"wp-block-heading\"><strong>Projekt &#8222;Hrajeme si s MY\u0160 &#8211; LI\u0160&#8220;<\/strong><\/h2>\n\n\n\n<p>V roce 2022 jsme se spolu s neziskovou organizac\u00ed <a aria-label=\"Flami, z.s. (otev\u0159e se na nov\u00e9 z\u00e1lo\u017ece)\" href=\"http:\/\/flami.cz\" target=\"_blank\" rel=\"noreferrer noopener\">Flami, z.s.<\/a> pod\u00edleli na vytvo\u0159en\u00ed <a aria-label=\"webov\u00fdch str\u00e1nek Hrajeme si s My\u0161-Li\u0161 (otev\u0159e se na nov\u00e9 z\u00e1lo\u017ece)\" href=\"https:\/\/myslis.com\/\" target=\"_blank\" rel=\"noreferrer noopener\">webov\u00fdch str\u00e1nek Hrajeme si s My\u0161-Li\u0161<\/a> . Str\u00e1nky obsahuj\u00ed inspirativn\u00ed materi\u00e1ly pro rodi\u010de, kte\u0159\u00ed mohou se sv\u00fdmi d\u011btmi prov\u00e1d\u011bt z\u00e1bavnou formou tr\u00e9nink nov\u00fdch dovednost\u00ed a podpo\u0159it tak jejich psychomotorick\u00fd v\u00fdvoj.<\/p>\n\n\n\n<p>Sou\u010d\u00e1st\u00ed vytvo\u0159en\u00fdch materi\u00e1l\u016f jsou i z\u00e1bavn\u00e9 pracovn\u00ed listy: <br><\/p>\n\n\n\n<figure class=\"wp-block-image size-large is-resized\"><a href=\"https:\/\/www.kamenityvrch.cz\/wp-content\/uploads\/2022\/06\/KV-kone-1.png\"><img loading=\"lazy\" decoding=\"async\" width=\"724\" height=\"1024\" src=\"http:\/\/www.kamenityvrch.cz\/wp-content\/uploads\/2022\/06\/KV-kone-1-724x1024.png\" alt=\"\" class=\"wp-image-2112\" style=\"width:322px;height:auto\" srcset=\"https:\/\/www.kamenityvrch.cz\/wp-content\/uploads\/2022\/06\/KV-kone-1-724x1024.png 724w, https:\/\/www.kamenityvrch.cz\/wp-content\/uploads\/2022\/06\/KV-kone-1-212x300.png 212w, https:\/\/www.kamenityvrch.cz\/wp-content\/uploads\/2022\/06\/KV-kone-1-768x1086.png 768w\" sizes=\"(max-width: 724px) 100vw, 724px\" \/><\/a><\/figure>\n\n\n\n<p>V r\u00e1mci projektu tak\u00e9 vznikly jednoduch\u00e9 <a aria-label=\"po\u010d\u00edta\u010dov\u00e9 hry pro podporu psychomotorick\u00e9ho v\u00fdvoje (otev\u0159e se na nov\u00e9 z\u00e1lo\u017ece)\" href=\"https:\/\/www.kamenityvrch.cz\/hry\/index.html\" target=\"_blank\" rel=\"noreferrer noopener\">tr\u00e9ninkov\u00e9 hry<\/a> , kter\u00e9 mohou d\u011btem pomoci nau\u010dit se pracovat s tabletem a potr\u00e9novat koordinaci pohybu, soust\u0159ed\u011bn\u00ed, pam\u011b\u0165 a komunikaci. Hru Bludi\u0161t\u011b vytvo\u0159ili studenti Z\u00e1pado\u010desk\u00e9 univerzity.<\/p>\n\n\n\n<figure class=\"wp-block-image is-resized\"><a href=\"https:\/\/www.kamenityvrch.cz\/hry\/index.html\" target=\"_blank\" rel=\"noreferrer noopener\"><img loading=\"lazy\" decoding=\"async\" width=\"893\" height=\"873\" src=\"http:\/\/www.kamenityvrch.cz\/wp-content\/uploads\/2022\/06\/HryMys-Lis.png\" alt=\"\" class=\"wp-image-2107\" style=\"width:313px;height:306px\" srcset=\"https:\/\/www.kamenityvrch.cz\/wp-content\/uploads\/2022\/06\/HryMys-Lis.png 893w, https:\/\/www.kamenityvrch.cz\/wp-content\/uploads\/2022\/06\/HryMys-Lis-300x293.png 300w, https:\/\/www.kamenityvrch.cz\/wp-content\/uploads\/2022\/06\/HryMys-Lis-768x751.png 768w\" sizes=\"(max-width: 893px) 100vw, 893px\" \/><\/a><\/figure>\n\n\n\n<p>Hry <a href=\"https:\/\/www.kamenityvrch.cz\/hry\/tvary\/\">Tvary<\/a> a <a href=\"https:\/\/kostaspapoulias.github.io\/\">Pozn\u00e1v\u00e1me zv\u00ed\u0159ata<\/a> vytvo\u0159ili studenti Z\u00e1pado\u010desk\u00e9 univerzity pod odborn\u00fdm veden\u00edm ergoterapeutky Dariny \u0160ev\u010d\u00edkov\u00e9:<\/p>\n\n\n\n<figure class=\"wp-block-image is-resized\"><a href=\"https:\/\/www.kamenityvrch.cz\/hry\/tvary\/\" target=\"_blank\" rel=\"noreferrer noopener\"><img loading=\"lazy\" decoding=\"async\" width=\"457\" height=\"443\" src=\"https:\/\/www.kamenityvrch.cz\/wp-content\/uploads\/2023\/05\/tvary2-1.png\" alt=\"\" class=\"wp-image-2597\" style=\"width:159px;height:154px\" srcset=\"https:\/\/www.kamenityvrch.cz\/wp-content\/uploads\/2023\/05\/tvary2-1.png 457w, https:\/\/www.kamenityvrch.cz\/wp-content\/uploads\/2023\/05\/tvary2-1-300x291.png 300w\" sizes=\"(max-width: 457px) 100vw, 457px\" \/><\/a><\/figure>\n\n\n\n<figure class=\"wp-block-image size-full is-resized\"><a href=\"https:\/\/kostaspapoulias.github.io\/\"><img loading=\"lazy\" decoding=\"async\" width=\"989\" height=\"435\" src=\"https:\/\/www.kamenityvrch.cz\/wp-content\/uploads\/2024\/05\/zvirata.jpg\" alt=\"\" class=\"wp-image-3085\" style=\"width:303px;height:auto\" srcset=\"https:\/\/www.kamenityvrch.cz\/wp-content\/uploads\/2024\/05\/zvirata.jpg 989w, https:\/\/www.kamenityvrch.cz\/wp-content\/uploads\/2024\/05\/zvirata-300x132.jpg 300w, https:\/\/www.kamenityvrch.cz\/wp-content\/uploads\/2024\/05\/zvirata-768x338.jpg 768w\" sizes=\"(max-width: 989px) 100vw, 989px\" \/><\/a><\/figure>\n\n\n\n<p>Dal\u0161\u00ed zaj\u00edmav\u00e9 materi\u00e1ly najdete na <a aria-label=\"www.myslis.com (otev\u0159e se na nov\u00e9 z\u00e1lo\u017ece)\" href=\"https:\/\/myslis.com\/pracovni-listy\/\" target=\"_blank\" rel=\"noreferrer noopener\">www.myslis.com<\/a> . <br>Projekt jsme realizovali d\u00edky podpo\u0159e od <a aria-label=\"Laborato\u0159e Nadace Vodafone (otev\u0159e se na nov\u00e9 z\u00e1lo\u017ece)\" href=\"https:\/\/www.laboratornadacevodafone.cz\/\" target=\"_blank\" rel=\"noreferrer noopener\">Laborato\u0159e Nadace Vodafone<\/a> a r\u00e1di ho d\u00e1l rozv\u00edj\u00edme. D\u011bkujeme za podporu!<\/p>\n\n\n\n<figure class=\"wp-block-image size-full is-resized\"><img loading=\"lazy\" decoding=\"async\" width=\"849\" height=\"246\" src=\"http:\/\/www.kamenityvrch.cz\/wp-content\/uploads\/2021\/11\/laborator_logo_NET_rgb.png\" alt=\"\" class=\"wp-image-1859\" style=\"width:371px;height:auto\" srcset=\"https:\/\/www.kamenityvrch.cz\/wp-content\/uploads\/2021\/11\/laborator_logo_NET_rgb.png 849w, https:\/\/www.kamenityvrch.cz\/wp-content\/uploads\/2021\/11\/laborator_logo_NET_rgb-300x87.png 300w, https:\/\/www.kamenityvrch.cz\/wp-content\/uploads\/2021\/11\/laborator_logo_NET_rgb-768x223.png 768w\" sizes=\"(max-width: 849px) 100vw, 849px\" \/><\/figure>\n\n\n\n<h2 class=\"wp-block-heading\">Tipy na muzikohr\u00e1tky<\/h2>\n\n\n\n<p>V dob\u011b pandemie COVID-19 jsme ve spolupr\u00e1ci s muzikoterapeutkou Jindrou Barto\u0161ovou poskytovali online muzikoterapii pro d\u011bti s neurov\u00fdvojov\u00fdmi poruchami. Z online muzikoterapeutick\u00fdch setk\u00e1n\u00ed vznikla instrukt\u00e1\u017en\u00ed videa s tipy jak podpo\u0159it v\u00fdvoj a komunikaci d\u011bt\u00ed hravou formou s vyu\u017eit\u00edm hudebn\u00edch n\u00e1stroj\u016f. Videa si m\u016f\u017eete pustit na na\u0161em <a aria-label=\"youtube (otev\u0159e se na nov\u00e9 z\u00e1lo\u017ece)\" href=\"https:\/\/www.youtube.com\/playlist?list=PLC1aZIRtzNxpR3JMwcPt0ftGZBrI4-pky\" target=\"_blank\" rel=\"noreferrer noopener\">youtube<\/a>. P\u00edsni\u010dky si m\u016f\u017eete poslechnout tak\u00e9 na albu <a href=\"https:\/\/www.youtube.com\/channel\/UCBdw0c0NO3GVpBSyqjBCyog\">My\u0161li\u0161\u00e1ci<\/a>.<\/p>\n\n\n\n<figure class=\"wp-block-embed is-type-video is-provider-youtube wp-block-embed-youtube wp-embed-aspect-16-9 wp-has-aspect-ratio\"><div class=\"wp-block-embed__wrapper\">\n<iframe loading=\"lazy\" title=\"Vyu\u017eit\u00ed n\u00e1stroj\u016f v online muzikoterapii\" width=\"500\" height=\"281\" src=\"https:\/\/www.youtube.com\/embed\/K6VNU-Sm8Yo?list=PLC1aZIRtzNxpR3JMwcPt0ftGZBrI4-pky\" frameborder=\"0\" allow=\"accelerometer; autoplay; clipboard-write; encrypted-media; gyroscope; picture-in-picture; web-share\" referrerpolicy=\"strict-origin-when-cross-origin\" allowfullscreen><\/iframe>\n<\/div><\/figure>\n\n\n<p><!--EndFragment--><\/p>\n\n\n<h2 class=\"wp-block-heading\"><strong>Inspirace z bakal\u00e1\u0159sk\u00fdch prac\u00ed o rehabilitaci<\/strong><\/h2>\n\n\n\n<p>Studentky ergoterapie 1. LF UK ve spolupr\u00e1ci s na\u0161imi klientsk\u00fdmi rodinami zpracovaly velmi zaj\u00edmav\u00e9 bakal\u00e1\u0159sk\u00e9 pr\u00e1ce na t\u00e9ma telerehabilitace, tvorby ergoterapeutick\u00fdch pom\u016fcek a rozvoje senzorick\u00fdch funkc\u00ed. <br>R\u00e1di v na\u0161em t\u00fdmu p\u0159iv\u00edt\u00e1me studenty i rodiny se z\u00e1jmem o spolupr\u00e1ci p\u0159i zpracov\u00e1n\u00ed dal\u0161\u00edch t\u00e9mat z oblasti rehabilitace d\u011bt\u00ed se specifick\u00fdmi pot\u0159ebami. <\/p>\n\n\n\n<figure class=\"wp-block-image is-resized\"><img loading=\"lazy\" decoding=\"async\" width=\"657\" height=\"370\" src=\"https:\/\/www.kamenityvrch.cz\/wp-content\/uploads\/2021\/09\/TeleErgoSet.png\" alt=\"\" class=\"wp-image-1748\" srcset=\"https:\/\/www.kamenityvrch.cz\/wp-content\/uploads\/2021\/09\/TeleErgoSet.png 657w, https:\/\/www.kamenityvrch.cz\/wp-content\/uploads\/2021\/09\/TeleErgoSet-300x169.png 300w\" sizes=\"(max-width: 657px) 100vw, 657px\" \/><figcaption class=\"wp-element-caption\">Set pro tele-ergoterapii (k zap\u016fj\u010den\u00ed v na\u0161\u00ed klubovn\u011b v \u010cernolic\u00edch)<br><\/figcaption><\/figure>\n\n\n\n<p>V r\u00e1mci studentsk\u00fdch prac\u00ed vznikly tak\u00e9 dal\u0161\u00ed materi\u00e1ly pro rodiny d\u011bt\u00ed se specifick\u00fdmi pot\u0159ebami:<\/p>\n\n\n\n<ul>\n<li>p\u0159\u00edru\u010dka s <a href=\"http:\/\/www.kamenityvrch.cz\/wp-content\/uploads\/2024\/04\/Letak-pro-rodice.pdf\">n\u00e1vody na tvorbu pom\u016fcek pro rozvoj senzorick\u00fdch funkc\u00ed<\/a><\/li>\n\n\n\n<li>p\u0159\u00edru\u010dka na t\u00e9ma<a aria-label=\" (otev\u0159e se na nov\u00e9 z\u00e1lo\u017ece)\" href=\"http:\/\/ http:\/\/www.kamenityvrch.cz\/wp-content\/uploads\/2022\/07\/tablet_prirucka_pro_rodice.pdf\"> <\/a><a href=\"http:\/\/www.kamenityvrch.cz\/wp-content\/uploads\/2022\/07\/tablet_prirucka_pro_rodice.pdf\">vyu\u017eit\u00ed tabletu v ergoterapii<\/a> a <a href=\"http:\/\/www.kamenityvrch.cz\/wp-content\/uploads\/2022\/09\/SEZNAM-HER.pdf\">seznam her<\/a>, vhodn\u00fdch pro tr\u00e9nink nov\u00fdch dovednost\u00ed<\/li>\n\n\n\n<li>p\u0159\u00edru\u010dka o <a href=\"http:\/\/www.kamenityvrch.cz\/wp-content\/uploads\/2025\/04\/Trenink-grafomotoriky.pdf\">grafomotorice s grafomotorick\u00fdmi listy<\/a> na t\u00e9ma kon\u00ed<\/li>\n\n\n\n<li>p\u0159\u00edru\u010dka o <a href=\"http:\/\/www.kamenityvrch.cz\/wp-content\/uploads\/2025\/04\/Ergoterapeuticke-aktivity-vyuzitelne-v-hiporehabilitaci-sbornik-pro-trenink-jemne-motoriky-deti.pdf\">tr\u00e9ninku jemn\u00e9 motoriky s p\u0159\u00edklady aktivit<\/a> na t\u00e9ma kon\u00ed<\/li>\n<\/ul>\n\n\n\n\n\n<h2 class=\"wp-block-heading\"> <strong>Z\u00e1p\u016fj\u010dky<\/strong> hern\u00edch syst\u00e9m\u016f<\/h2>\n\n\n\n<p>Pro podporu dom\u00e1c\u00ed terapie pomoc\u00ed vizu\u00e1ln\u00ed zp\u011btn\u00e9 vazby a hern\u00edch prvk\u016f nab\u00edz\u00edme z\u00e1p\u016fj\u010dky konzole&nbsp;<strong>Nintendo Wii<\/strong>&nbsp;s pohybov\u00fdmi senzory pro tr\u00e9nink motoriky a&nbsp;<strong>iPadu<\/strong>&nbsp;s aplikacemi pro tr\u00e9nink pozornosti, pam\u011bti a alternativn\u00ed komunikace.<\/p>\n\n\n\n<figure class=\"wp-block-image is-resized\"><img loading=\"lazy\" decoding=\"async\" width=\"1024\" height=\"680\" src=\"https:\/\/www.kamenityvrch.cz\/wp-content\/uploads\/2021\/10\/tablet-1024x680.jpg\" alt=\"\" class=\"wp-image-1796\" style=\"width:441px;height:293px\" srcset=\"https:\/\/www.kamenityvrch.cz\/wp-content\/uploads\/2021\/10\/tablet-1024x680.jpg 1024w, https:\/\/www.kamenityvrch.cz\/wp-content\/uploads\/2021\/10\/tablet-300x199.jpg 300w, https:\/\/www.kamenityvrch.cz\/wp-content\/uploads\/2021\/10\/tablet-768x510.jpg 768w\" sizes=\"(max-width: 1024px) 100vw, 1024px\" \/><figcaption class=\"wp-element-caption\">Uk\u00e1zka pou\u017eit\u00ed tabletu p\u0159i dom\u00e1c\u00ed rehabilitaci<\/figcaption><\/figure>\n\n\n\n<p>\n\nZ\u00e1p\u016fj\u010dky iPad\u016f pacient\u016fm a student\u016fm jsou mo\u017en\u00e9 d\u00edky v\u011bcn\u00e9mu daru od Alza.cz. D\u011bkujeme!\n\n<\/p>\n\n\n\n<figure class=\"wp-block-image is-resized\"><img loading=\"lazy\" decoding=\"async\" width=\"323\" height=\"112\" src=\"http:\/\/www.kamenityvrch.cz\/wp-content\/uploads\/2019\/12\/image.png\" alt=\"\" class=\"wp-image-729\" style=\"width:246px;height:85px\" srcset=\"https:\/\/www.kamenityvrch.cz\/wp-content\/uploads\/2019\/12\/image.png 323w, https:\/\/www.kamenityvrch.cz\/wp-content\/uploads\/2019\/12\/image-300x104.png 300w\" sizes=\"(max-width: 323px) 100vw, 323px\" \/><\/figure>\n\n\n\n<p><em>Pro z\u00e1p\u016fj\u010dky nebo v\u00edce informac\u00ed n\u00e1s kontaktujte na info@kamenityvrch.cz .<\/em><\/p>\n    <!-- sktbuilder starter --><script type=\"text\/javascript\" src=\"https:\/\/www.kamenityvrch.cz\/wp-content\/plugins\/skt-builder\/sktbuilder\/sktbuilder-frontend-starter.js\"><\/script><script type=\"text\/javascript\" src=\"https:\/\/www.kamenityvrch.cz\/wp-content\/plugins\/skt-builder\/sktbuilder-wordpress-driver.js\"><\/script><script type=\"text\/javascript\"> var starter = new SktbuilderStarter({\"mode\": \"prod\", \"skip\":[\"jquery\",\"underscore\",\"backbone\"],\"sktbuilderUrl\": \"https:\/\/www.kamenityvrch.cz\/wp-content\/plugins\/skt-builder\/sktbuilder\/\", \"driver\": new SktbuilderWordpressDriver({\"ajaxUrl\": \"https:\/\/www.kamenityvrch.cz\/wp-admin\/admin-ajax.php\", \"iframeUrl\": \"https:\/\/www.kamenityvrch.cz\/index.php\/rehabilitace-hrou\/?sktbuilder=true\", \"pageId\": 1094, \"pages\": [{\"title\":\"Novinky\",\"url\":\"https:\\\/\\\/www.kamenityvrch.cz\\\/wp-admin\\\/post.php?post=102&action=sktbuilder\"}], \"page\": \"Rehabilitace hrou\" }) });<\/script><!-- end sktbuilder starter -->","protected":false},"excerpt":{"rendered":"<p>P\u0159i tr\u00e9ninku motorick\u00fdch a kognitivn\u00edch funkc\u00ed r\u00e1di za\u0159azujeme hern\u00ed prvky, kter\u00e9 zvy\u0161uj\u00ed motivaci a efektivitu u\u010den\u00ed. Projekt &#8222;Hrajeme si s MY\u0160 &#8211; LI\u0160&#8220; V roce 2022 jsme se spolu s neziskovou organizac\u00ed Flami, z.s. pod\u00edleli na vytvo\u0159en\u00ed webov\u00fdch str\u00e1nek Hrajeme si s My\u0161-Li\u0161 . Str\u00e1nky obsahuj\u00ed inspirativn\u00ed materi\u00e1ly pro rodi\u010de, kte\u0159\u00ed mohou se sv\u00fdmi d\u011btmi<br \/><a class=\"moretag\" href=\"https:\/\/www.kamenityvrch.cz\/index.php\/rehabilitace-hrou\/\">+ Read More<\/a><\/p>\n","protected":false},"author":1,"featured_media":938,"parent":0,"menu_order":0,"comment_status":"closed","ping_status":"closed","template":"templates\/page-nosidebar_template.php","meta":{"footnotes":""},"_links":{"self":[{"href":"https:\/\/www.kamenityvrch.cz\/index.php\/wp-json\/wp\/v2\/pages\/1094"}],"collection":[{"href":"https:\/\/www.kamenityvrch.cz\/index.php\/wp-json\/wp\/v2\/pages"}],"about":[{"href":"https:\/\/www.kamenityvrch.cz\/index.php\/wp-json\/wp\/v2\/types\/page"}],"author":[{"embeddable":true,"href":"https:\/\/www.kamenityvrch.cz\/index.php\/wp-json\/wp\/v2\/users\/1"}],"replies":[{"embeddable":true,"href":"https:\/\/www.kamenityvrch.cz\/index.php\/wp-json\/wp\/v2\/comments?post=1094"}],"version-history":[{"count":123,"href":"https:\/\/www.kamenityvrch.cz\/index.php\/wp-json\/wp\/v2\/pages\/1094\/revisions"}],"predecessor-version":[{"id":3441,"href":"https:\/\/www.kamenityvrch.cz\/index.php\/wp-json\/wp\/v2\/pages\/1094\/revisions\/3441"}],"wp:featuredmedia":[{"embeddable":true,"href":"https:\/\/www.kamenityvrch.cz\/index.php\/wp-json\/wp\/v2\/media\/938"}],"wp:attachment":[{"href":"https:\/\/www.kamenityvrch.cz\/index.php\/wp-json\/wp\/v2\/media?parent=1094"}],"curies":[{"name":"wp","href":"https:\/\/api.w.org\/{rel}","templated":true}]}}