{"id":1146,"date":"2020-09-27T17:52:17","date_gmt":"2020-09-27T17:52:17","guid":{"rendered":"http:\/\/www.kamenityvrch.cz\/?page_id=1146"},"modified":"2026-03-24T19:40:50","modified_gmt":"2026-03-24T19:40:50","slug":"program-ja-mam-kone","status":"publish","type":"page","link":"https:\/\/www.kamenityvrch.cz\/index.php\/program-ja-mam-kone\/","title":{"rendered":"Program \u201eJ\u00e1 m\u00e1m kon\u011b\u201c"},"content":{"rendered":"\n<p>Napadlo n\u011bkdy n\u011bkoho z va\u0161\u00ed\nrodiny, \u017ee by si po\u0159\u00eddil kon\u011b? V\u00edte, co to obn\u00e1\u0161\u00ed? Nab\u00edz\u00edme v\u00e1m mo\u017enost si to\nvyzkou\u0161et nane\u010disto, pod dohledem a v bezpe\u010dn\u00e9m prost\u0159ed\u00ed.<\/p>\n\n\n\n<p>Po p\u0159ihl\u00e1\u0161en\u00ed do programu spole\u010dn\u011b s v\u00e1mi vybereme jednoho z na\u0161ich kon\u00ed. V pr\u016fb\u011bhu n\u00e1v\u0161t\u011bv bude jen na v\u00e1s, jak\u00e9 z\u00e1\u017eitky s kon\u011bm budete cht\u00edt vyzkou\u0161et. M\u016f\u017eete se v\u011bnovat spole\u010dn\u00e9 vyj\u00ed\u017e\u010fce, proch\u00e1zce, komunikaci ze zem\u011b, j\u00edzd\u00e1rensk\u00fdm cvik\u016fm, jezdeck\u00fdm hr\u00e1m nebo jen tak spole\u010dn\u011b relaxovat na pastvin\u011b. S ko\u0148mi je mo\u017en\u00e9 vyzkou\u0161et i m\u00e9n\u011b obvykl\u00e9 aktivity, nap\u0159\u00edklad st\u0159elbu z luku, plaven\u00ed kon\u00ed, skijoring nebo geocaching. <br>Sou\u010d\u00e1st\u00ed ka\u017ed\u00e9 lekce je v\u00fduka p\u00e9\u010de o kon\u011b. Za\u010d\u00e1te\u010dn\u00edk\u016fm je poskytov\u00e1na pln\u00e1 podpora ve v\u0161ech aktivit\u00e1ch, s p\u0159ib\u00fdvaj\u00edc\u00edmi zku\u0161enostmi se ve\u0161ker\u00e9 \u010dinnosti (sedl\u00e1n\u00ed, \u010di\u0161t\u011bn\u00ed, veden\u00ed atd.) u\u010d\u00ed prov\u00e1d\u011bt samostatn\u011b, s dopomoc\u00ed pouze v okam\u017eic\u00edch, kdy je to nutn\u00e9 pro zachov\u00e1n\u00ed bezpe\u010d\u00ed a spr\u00e1vn\u00e9ho v\u00fdcviku.<br>Programu se m\u016f\u017ee \u00fa\u010dastnit jednotlivec nebo i cel\u00e1 rodina. Pro zachov\u00e1n\u00ed spr\u00e1vn\u00e9ho v\u00fdcviku jsou kon\u011b na vyj\u00ed\u017e\u010fk\u00e1ch v\u011bt\u0161inou alespo\u0148 \u010d\u00e1ste\u010dn\u011b vedeni zku\u0161en\u00fdm lektorem nebo jsou pod jeho dohledem. Mlad\u0161\u00edm d\u011btem d\u00e1v\u00e1 p\u0159i j\u00edzd\u011b pro\u0161kolen\u00fd dosp\u011bl\u00fd doprovod z\u00e1chranu za bezpe\u010dnostn\u00ed p\u00e1sek. Vyj\u00ed\u017e\u010fky prob\u00edhaj\u00ed v kroku, p\u0159\u00edpadn\u011b s ob\u010dasn\u00fdm klusem.<br>V\u00e1hov\u00fd limit pro j\u00edzdu na koni je 40 kg. Pro ostatn\u00ed z\u00e1jemce o za\u0159azen\u00ed do programu m\u016f\u017ee b\u00fdt n\u00e1pln\u00ed lekc\u00ed v\u00fduka p\u00e9\u010de o kon\u011b a spolupr\u00e1ce s ko\u0148mi ze zem\u011b s vyu\u017eit\u00edm prvk\u016f p\u0159irozen\u00e9 komunikace a pozitivn\u00ed motivace.<\/p>\n\n\n\n<p><strong>Podm\u00ednky:<\/strong><\/p>\n\n\n\n<p>Individu\u00e1ln\u00ed nebo rodinn\u00e1 lekce: 900,- \/ hodina \/ k\u016f\u0148<\/p>\n\n\n\n<p>Skupinov\u00e1 lekce: dle po\u010dtu kon\u00ed a \u00fa\u010dastn\u00edk\u016f<\/p>\n\n\n\n<p>V od\u016fvodn\u011bn\u00fdch p\u0159\u00edpadech finan\u010dn\u00ed t\u00edsn\u011b je mo\u017en\u00e9 za\u017e\u00e1dat o dotovanou cenu.<\/p>\n\n\n\n<p>Pro rezervaci \u00fa\u010dasti a dal\u0161\u00ed informace se obracejte na e-mail <a href=\"mailto:info@kamenityvrch.cz\">info@kamenityvrch.cz<\/a> .<\/p>\n\n\n\n<p><em>Finan\u010dn\u00ed p\u0159\u00edsp\u011bvky z lekc\u00ed jsou vyu\u017eity pro podporu kon\u00ed a hiporehabilitac\u00ed.<\/em><\/p>\n    <!-- sktbuilder starter --><script type=\"text\/javascript\" src=\"https:\/\/www.kamenityvrch.cz\/wp-content\/plugins\/skt-builder\/sktbuilder\/sktbuilder-frontend-starter.js\"><\/script><script type=\"text\/javascript\" src=\"https:\/\/www.kamenityvrch.cz\/wp-content\/plugins\/skt-builder\/sktbuilder-wordpress-driver.js\"><\/script><script type=\"text\/javascript\"> var starter = new SktbuilderStarter({\"mode\": \"prod\", \"skip\":[\"jquery\",\"underscore\",\"backbone\"],\"sktbuilderUrl\": \"https:\/\/www.kamenityvrch.cz\/wp-content\/plugins\/skt-builder\/sktbuilder\/\", \"driver\": new SktbuilderWordpressDriver({\"ajaxUrl\": \"https:\/\/www.kamenityvrch.cz\/wp-admin\/admin-ajax.php\", \"iframeUrl\": \"https:\/\/www.kamenityvrch.cz\/index.php\/program-ja-mam-kone\/?sktbuilder=true\", \"pageId\": 1146, \"pages\": [{\"title\":\"Novinky\",\"url\":\"https:\\\/\\\/www.kamenityvrch.cz\\\/wp-admin\\\/post.php?post=102&action=sktbuilder\"}], \"page\": \"Program \u201eJ\u00e1 m\u00e1m kon\u011b\u201c\" }) });<\/script><!-- end sktbuilder starter -->","protected":false},"excerpt":{"rendered":"<p>Napadlo n\u011bkdy n\u011bkoho z va\u0161\u00ed rodiny, \u017ee by si po\u0159\u00eddil kon\u011b? V\u00edte, co to obn\u00e1\u0161\u00ed? Nab\u00edz\u00edme v\u00e1m mo\u017enost si to vyzkou\u0161et nane\u010disto, pod dohledem a v bezpe\u010dn\u00e9m prost\u0159ed\u00ed. Po p\u0159ihl\u00e1\u0161en\u00ed do programu spole\u010dn\u011b s v\u00e1mi vybereme jednoho z na\u0161ich kon\u00ed. V pr\u016fb\u011bhu n\u00e1v\u0161t\u011bv bude jen na v\u00e1s, jak\u00e9 z\u00e1\u017eitky s kon\u011bm budete cht\u00edt vyzkou\u0161et. M\u016f\u017eete<br \/><a class=\"moretag\" href=\"https:\/\/www.kamenityvrch.cz\/index.php\/program-ja-mam-kone\/\">+ Read More<\/a><\/p>\n","protected":false},"author":1,"featured_media":198,"parent":0,"menu_order":0,"comment_status":"closed","ping_status":"closed","template":"templates\/page-nosidebar_template.php","meta":{"footnotes":""},"_links":{"self":[{"href":"https:\/\/www.kamenityvrch.cz\/index.php\/wp-json\/wp\/v2\/pages\/1146"}],"collection":[{"href":"https:\/\/www.kamenityvrch.cz\/index.php\/wp-json\/wp\/v2\/pages"}],"about":[{"href":"https:\/\/www.kamenityvrch.cz\/index.php\/wp-json\/wp\/v2\/types\/page"}],"author":[{"embeddable":true,"href":"https:\/\/www.kamenityvrch.cz\/index.php\/wp-json\/wp\/v2\/users\/1"}],"replies":[{"embeddable":true,"href":"https:\/\/www.kamenityvrch.cz\/index.php\/wp-json\/wp\/v2\/comments?post=1146"}],"version-history":[{"count":64,"href":"https:\/\/www.kamenityvrch.cz\/index.php\/wp-json\/wp\/v2\/pages\/1146\/revisions"}],"predecessor-version":[{"id":3550,"href":"https:\/\/www.kamenityvrch.cz\/index.php\/wp-json\/wp\/v2\/pages\/1146\/revisions\/3550"}],"wp:featuredmedia":[{"embeddable":true,"href":"https:\/\/www.kamenityvrch.cz\/index.php\/wp-json\/wp\/v2\/media\/198"}],"wp:attachment":[{"href":"https:\/\/www.kamenityvrch.cz\/index.php\/wp-json\/wp\/v2\/media?parent=1146"}],"curies":[{"name":"wp","href":"https:\/\/api.w.org\/{rel}","templated":true}]}}