{"id":115,"date":"2019-06-03T23:55:50","date_gmt":"2019-06-03T23:55:50","guid":{"rendered":"http:\/\/www.kamenityvrch.cz\/?page_id=115"},"modified":"2025-08-09T14:04:03","modified_gmt":"2025-08-09T14:04:03","slug":"hipoterapie","status":"publish","type":"page","link":"https:\/\/www.kamenityvrch.cz\/index.php\/hipoterapie\/","title":{"rendered":"Hiporehabilitace"},"content":{"rendered":"\n<p>Hiporehabilitace je jedn\u00edm z obor\u016f <a href=\"http:\/\/www.kamenityvrch.cz\/wp-content\/uploads\/2024\/05\/Zoorehabilitace_informace.pdf\">zoorehabilitace<\/a>. Zast\u0159e\u0161uje aktivity a terapie v oblastech, ve kter\u00fdch se setk\u00e1v\u00e1 k\u016f\u0148 a \u010dlov\u011bk se specifick\u00fdmi pot\u0159ebami. C\u00edlem hiporehabilitace m\u016f\u017ee b\u00fdt zlep\u0161en\u00ed v oblasti motorick\u00fdch funkc\u00ed, soci\u00e1ln\u00edch kompetenc\u00ed, kognitivn\u00edch funkc\u00ed i psychick\u00e9ho stavu \u010dlov\u011bka. <\/p>\n\n\n\n<p>V na\u0161em st\u0159edisku vych\u00e1z\u00edme z metod hiporehabilitace v pedagogick\u00e9 a soci\u00e1ln\u00ed praxi, parajezdectv\u00ed a hiporehabilitace v kontaktn\u00ed terapii. Zam\u011b\u0159ujeme se nej\u010dast\u011bji na podporu psychomotorick\u00e9ho v\u00fdvoje, komunikace, spolupr\u00e1ce, relaxace, rovnov\u00e1hy a koordinace pohybu prost\u0159ednictv\u00edm p\u00e9\u010de o kon\u011b a j\u00edzdy na koni.<\/p>\n\n\n\n<p>Do roku 2025 jsme byli st\u0159ediskem praktick\u00e9 v\u00fduky a doporu\u010den\u00e9 hiporehabilitace \u010cesk\u00e9 hiporehabilita\u010dn\u00ed spole\u010dnosti v oboru Hiporehabilitace v pedagogick\u00e9 a soci\u00e1ln\u00ed praxi. Nyn\u00ed ji\u017e dop\u0159\u00e1v\u00e1me kon\u00edm s ohledem na jejich zdravotn\u00ed stav a preference v\u00edce odpo\u010dinku, ale r\u00e1di v\u00e1s p\u0159iv\u00edt\u00e1me na ob\u010dasn\u00fdch setk\u00e1n\u00edch s hiporehabilitac\u00ed u n\u00e1s v \u010cernolic\u00edch, nebo v\u00e1m doporu\u010d\u00edme jin\u00e9 vhodn\u00e9 hiporehabilita\u010dn\u00ed st\u0159edisko pro pravidelnou doch\u00e1zku. <\/p>\n\n\n\n<p><strong>Nab\u00edz\u00edme:<\/strong><\/p>\n\n\n\n<p><a aria-label=\"Programy pro d\u011bti s dotac\u00ed St\u0159edo\u010desk\u00e9ho kraje (otev\u0159e se na nov\u00e9 z\u00e1lo\u017ece)\" href=\"https:\/\/www.kamenityvrch.cz\/index.php\/hiporehabilitace-deti\/\" target=\"_blank\" rel=\"noreferrer noopener\">Programy pro d\u011bti<\/a><br><a href=\"https:\/\/www.kamenityvrch.cz\/index.php\/hipoterapie-pro-dospele\/\">Programy pro dosp\u011bl\u00e9<\/a><br><a href=\"https:\/\/www.kamenityvrch.cz\/index.php\/hipoterapie\/kurzy-pro-rodiny\/\">Rodinn\u00fd kurz s hiporehabilitac\u00ed<\/a><br><a href=\"https:\/\/www.kamenityvrch.cz\/index.php\/seminare-a-kurzy\/praxe-v-hiporehabilitaci\/\">Praxe v hiporehabilitaci<\/a><\/p>\n    <!-- sktbuilder starter --><script type=\"text\/javascript\" src=\"https:\/\/www.kamenityvrch.cz\/wp-content\/plugins\/skt-builder\/sktbuilder\/sktbuilder-frontend-starter.js\"><\/script><script type=\"text\/javascript\" src=\"https:\/\/www.kamenityvrch.cz\/wp-content\/plugins\/skt-builder\/sktbuilder-wordpress-driver.js\"><\/script><script type=\"text\/javascript\"> var starter = new SktbuilderStarter({\"mode\": \"prod\", \"skip\":[\"jquery\",\"underscore\",\"backbone\"],\"sktbuilderUrl\": \"https:\/\/www.kamenityvrch.cz\/wp-content\/plugins\/skt-builder\/sktbuilder\/\", \"driver\": new SktbuilderWordpressDriver({\"ajaxUrl\": \"https:\/\/www.kamenityvrch.cz\/wp-admin\/admin-ajax.php\", \"iframeUrl\": \"https:\/\/www.kamenityvrch.cz\/index.php\/hipoterapie\/?sktbuilder=true\", \"pageId\": 115, \"pages\": [{\"title\":\"Novinky\",\"url\":\"https:\\\/\\\/www.kamenityvrch.cz\\\/wp-admin\\\/post.php?post=102&action=sktbuilder\"}], \"page\": \"Hiporehabilitace\" }) });<\/script><!-- end sktbuilder starter -->","protected":false},"excerpt":{"rendered":"<p>Hiporehabilitace je jedn\u00edm z obor\u016f zoorehabilitace. Zast\u0159e\u0161uje aktivity a terapie v oblastech, ve kter\u00fdch se setk\u00e1v\u00e1 k\u016f\u0148 a \u010dlov\u011bk se specifick\u00fdmi pot\u0159ebami. C\u00edlem hiporehabilitace m\u016f\u017ee b\u00fdt zlep\u0161en\u00ed v oblasti motorick\u00fdch funkc\u00ed, soci\u00e1ln\u00edch kompetenc\u00ed, kognitivn\u00edch funkc\u00ed i psychick\u00e9ho stavu \u010dlov\u011bka. V na\u0161em st\u0159edisku vych\u00e1z\u00edme z metod hiporehabilitace v pedagogick\u00e9 a soci\u00e1ln\u00ed praxi, parajezdectv\u00ed a hiporehabilitace v<br \/><a class=\"moretag\" href=\"https:\/\/www.kamenityvrch.cz\/index.php\/hipoterapie\/\">+ Read More<\/a><\/p>\n","protected":false},"author":1,"featured_media":0,"parent":0,"menu_order":0,"comment_status":"closed","ping_status":"closed","template":"templates\/page-nosidebar_template.php","meta":{"footnotes":""},"_links":{"self":[{"href":"https:\/\/www.kamenityvrch.cz\/index.php\/wp-json\/wp\/v2\/pages\/115"}],"collection":[{"href":"https:\/\/www.kamenityvrch.cz\/index.php\/wp-json\/wp\/v2\/pages"}],"about":[{"href":"https:\/\/www.kamenityvrch.cz\/index.php\/wp-json\/wp\/v2\/types\/page"}],"author":[{"embeddable":true,"href":"https:\/\/www.kamenityvrch.cz\/index.php\/wp-json\/wp\/v2\/users\/1"}],"replies":[{"embeddable":true,"href":"https:\/\/www.kamenityvrch.cz\/index.php\/wp-json\/wp\/v2\/comments?post=115"}],"version-history":[{"count":150,"href":"https:\/\/www.kamenityvrch.cz\/index.php\/wp-json\/wp\/v2\/pages\/115\/revisions"}],"predecessor-version":[{"id":3460,"href":"https:\/\/www.kamenityvrch.cz\/index.php\/wp-json\/wp\/v2\/pages\/115\/revisions\/3460"}],"wp:attachment":[{"href":"https:\/\/www.kamenityvrch.cz\/index.php\/wp-json\/wp\/v2\/media?parent=115"}],"curies":[{"name":"wp","href":"https:\/\/api.w.org\/{rel}","templated":true}]}}