{"id":1169,"date":"2020-09-27T19:48:55","date_gmt":"2020-09-27T19:48:55","guid":{"rendered":"http:\/\/www.kamenityvrch.cz\/?page_id=1169"},"modified":"2026-02-24T08:01:41","modified_gmt":"2026-02-24T08:01:41","slug":"hiporehabilitace-deti","status":"publish","type":"page","link":"https:\/\/www.kamenityvrch.cz\/index.php\/hiporehabilitace-deti\/","title":{"rendered":"Programy pro d\u011bti"},"content":{"rendered":"\n<h2 class=\"wp-block-heading\">Individu\u00e1ln\u00ed hiporehabilitace<\/h2>\n\n\n\n<p>Individu\u00e1ln\u00ed hiporehabilitace&nbsp;nab\u00edz\u00edme p\u0159edev\u0161\u00edm pro&nbsp;d\u011bti s&nbsp;opo\u017ed\u011bn\u00fdm psychomotorick\u00fdm v\u00fdvojem, hypotoni\u00ed, poruchami koordinace pohybu, ADHD, PAS a poruchami komunika\u010dn\u00edch schopnost\u00ed, kter\u00e9 jsou schopny samostatn\u00e9ho sedu bez opory, neobjevuje se u nich spasticita a nemaj\u00ed probl\u00e9m v oblasti ky\u010dl\u00ed a p\u00e1te\u0159e.<\/p>\n\n\n\n<p>Vych\u00e1z\u00edme z metod parajezdectv\u00ed, hiporehabilitace v pedagogick\u00e9 a soci\u00e1ln\u00ed praxi a hiporehabilitace v kontaktn\u00ed terapii. Zam\u011b\u0159ujeme se na neform\u00e1ln\u00ed vzd\u011bl\u00e1v\u00e1n\u00ed a podporu celkov\u00e9ho rozvoje d\u00edt\u011bte.<\/p>\n\n\n\n<p>P\u0159ed za\u010d\u00e1tkem j\u00edzdy se d\u011bti podle sv\u00e9ho z\u00e1jmu a mo\u017enost\u00ed \u00fa\u010dastn\u00ed \u010di\u0161t\u011bn\u00ed srsti a kopyt, zdoben\u00ed h\u0159\u00edvy, hlazen\u00ed kon\u011b, nasazen\u00ed deky a madel. Tato \u010d\u00e1st hiporehabilitace p\u0159isp\u00edv\u00e1 k rozvoji komunikace, spolupr\u00e1ce, zodpov\u011bdnosti, motoriky a sebev\u011bdom\u00ed. D\u011bti i jejich rodiny se p\u0159i spole\u010dn\u00e9 p\u0159\u00edprav\u011b na j\u00edzdu u\u010d\u00ed tak\u00e9 bezpe\u010dn\u00e9mu pobytu u kon\u00ed a z\u00e1klad\u016fm komunikace s ko\u0148mi ze zem\u011b.<\/p>\n\n\n\n<p>P\u0159i j\u00edzd\u011b na koni se d\u011bti nejprve u\u010d\u00ed spolupr\u00e1ci, klidn\u00e9mu sedu a udr\u017eov\u00e1n\u00ed rovnov\u00e1hy. V pokro\u010dilej\u0161\u00edch lekc\u00edch mohou b\u00fdt za\u0159azeny tak\u00e9 paravolti\u017en\u00ed cviky na koni nebo n\u00e1cvik z\u00e1klad\u016f samostatn\u00e9ho veden\u00ed kon\u011b. Men\u0161\u00edm d\u011btem d\u00e1v\u00e1 jejich pro\u0161kolen\u00fd dosp\u011bl\u00fd doprovod p\u0159i j\u00edzd\u011b z\u00e1chranu za bezpe\u010dnostn\u00ed p\u00e1sek. Star\u0161\u00ed d\u011bti, kter\u00e9 zvl\u00e1daj\u00ed bez probl\u00e9m\u016f j\u00edzdu i sestoupen\u00ed z kon\u011b, se postupn\u011b u\u010d\u00ed v\u011bt\u0161\u00ed samostatnosti. D\u00e9lka samotn\u00e9 j\u00edzdy je v\u017edy p\u0159izp\u016fsobena aktu\u00e1ln\u00edm schopnostem a preferenc\u00edm d\u00edt\u011bte.<\/p>\n\n\n\n<p>Hiporehabilitac\u00ed se mohou po dohod\u011b \u00fa\u010dastnit i zdrav\u00ed sourozenci. V\u00e1hov\u00fd limit pro j\u00edzdu je 30 kg (u d\u011bt\u00ed, kter\u00e9 zvl\u00e1daj\u00ed z kon\u011b samostatn\u011b sestoupit, je po dohod\u011b v\u00e1hov\u00fd limit vy\u0161\u0161\u00ed). Ostatn\u00ed \u00fa\u010dastn\u00edci si mohou vyzkou\u0161et p\u00e9\u010di o kon\u011b a komunikaci s ko\u0148mi ze zem\u011b.<\/p>\n\n\n\n<p><strong>Cena individu\u00e1ln\u00ed hiporehabilitace:<\/strong>&nbsp;900,- \/ hod<br><strong>Cena skupinov\u00e9 hiporehabilitace:<\/strong>&nbsp;500,- \/ hod \/ d\u00edt\u011b (p\u0159i \u00fa\u010dasti 2-4 d\u011bt\u00ed u 1 kon\u011b)<\/p>\n\n\n\n<p><strong><em>Dotovan\u00e1 cena:&nbsp;<\/em><\/strong><em>600,-\/hod <\/em><em>(v\u00edce informac\u00ed k podm\u00ednk\u00e1m poskytnut\u00ed dotovan\u00e9 ceny na info@kamenityvrch.cz)<\/em><\/p>\n\n\n\n<h4 class=\"wp-block-heading\"><strong>Pro  za\u0159azen\u00ed do program\u016f a pro dal\u0161\u00ed informace <\/strong>se obracejte na e-mail <a href=\"mailto:info@kamenityvrch.cz\">info@kamenityvrch.cz<\/a> nebo na telefonn\u00ed \u010d\u00edslo +420 776 643 102.<\/h4>\n\n\n\n<p>D\u011bkujeme firemn\u00edm a soukrom\u00fdm d\u00e1rc\u016fm za mo\u017enost poskytovat dotovanou cenu v letech 2025-2026. D\u011bkujeme St\u0159edo\u010desk\u00e9mu kraji za mo\u017enost poskytovat dotovanou cenu na hiporehabilitace (parajezdectv\u00ed) d\u00edky programu Podpora sportu a voln\u00e9ho \u010dasu v roce 2024 v r\u00e1mci projektu Lekce parajezdectv\u00ed pro d\u011bti s handicapem, eviden\u010dn\u00ed \u010d\u00edslo SV\u010c\/PHC\/053427\/2024, v roce 2023 v r\u00e1mci projektu Jezdeck\u00e9 aktivity pro d\u011bti s handicapem, eviden\u010dn\u00ed \u010d\u00edslo SV\u010c\/PHC\/049643\/2023 a v roce 2022 v r\u00e1mci projektu&nbsp;Programy s ko\u0148mi pro d\u011bti s handicapem, eviden\u010dn\u00ed \u010d\u00edslo SV\u010c\/PHC\/046828\/2022.<\/p>\n\n\n\n<figure class=\"wp-block-image\"><img loading=\"lazy\" decoding=\"async\" width=\"736\" height=\"130\" src=\"http:\/\/www.kamenityvrch.cz\/wp-content\/uploads\/2022\/05\/logo_St\u0159edo\u010desk\u00fd-1.jpg\" alt=\"\" class=\"wp-image-2058\" srcset=\"https:\/\/www.kamenityvrch.cz\/wp-content\/uploads\/2022\/05\/logo_St\u0159edo\u010desk\u00fd-1.jpg 736w, https:\/\/www.kamenityvrch.cz\/wp-content\/uploads\/2022\/05\/logo_St\u0159edo\u010desk\u00fd-1-300x53.jpg 300w\" sizes=\"(max-width: 736px) 100vw, 736px\" \/><\/figure>\n    <!-- sktbuilder starter --><script type=\"text\/javascript\" src=\"https:\/\/www.kamenityvrch.cz\/wp-content\/plugins\/skt-builder\/sktbuilder\/sktbuilder-frontend-starter.js\"><\/script><script type=\"text\/javascript\" src=\"https:\/\/www.kamenityvrch.cz\/wp-content\/plugins\/skt-builder\/sktbuilder-wordpress-driver.js\"><\/script><script type=\"text\/javascript\"> var starter = new SktbuilderStarter({\"mode\": \"prod\", \"skip\":[\"jquery\",\"underscore\",\"backbone\"],\"sktbuilderUrl\": \"https:\/\/www.kamenityvrch.cz\/wp-content\/plugins\/skt-builder\/sktbuilder\/\", \"driver\": new SktbuilderWordpressDriver({\"ajaxUrl\": \"https:\/\/www.kamenityvrch.cz\/wp-admin\/admin-ajax.php\", \"iframeUrl\": \"https:\/\/www.kamenityvrch.cz\/index.php\/hiporehabilitace-deti\/?sktbuilder=true\", \"pageId\": 1169, \"pages\": [{\"title\":\"Novinky\",\"url\":\"https:\\\/\\\/www.kamenityvrch.cz\\\/wp-admin\\\/post.php?post=102&action=sktbuilder\"}], \"page\": \"Programy pro d\u011bti\" }) });<\/script><!-- end sktbuilder starter -->","protected":false},"excerpt":{"rendered":"<p>Individu\u00e1ln\u00ed hiporehabilitace Individu\u00e1ln\u00ed hiporehabilitace&nbsp;nab\u00edz\u00edme p\u0159edev\u0161\u00edm pro&nbsp;d\u011bti s&nbsp;opo\u017ed\u011bn\u00fdm psychomotorick\u00fdm v\u00fdvojem, hypotoni\u00ed, poruchami koordinace pohybu, ADHD, PAS a poruchami komunika\u010dn\u00edch schopnost\u00ed, kter\u00e9 jsou schopny samostatn\u00e9ho sedu bez opory, neobjevuje se u nich spasticita a nemaj\u00ed probl\u00e9m v oblasti ky\u010dl\u00ed a p\u00e1te\u0159e. Vych\u00e1z\u00edme z metod parajezdectv\u00ed, hiporehabilitace v pedagogick\u00e9 a soci\u00e1ln\u00ed praxi a hiporehabilitace v kontaktn\u00ed terapii. Zam\u011b\u0159ujeme<br \/><a class=\"moretag\" href=\"https:\/\/www.kamenityvrch.cz\/index.php\/hiporehabilitace-deti\/\">+ Read More<\/a><\/p>\n","protected":false},"author":1,"featured_media":196,"parent":0,"menu_order":0,"comment_status":"closed","ping_status":"closed","template":"templates\/page-nosidebar_template.php","meta":{"footnotes":""},"_links":{"self":[{"href":"https:\/\/www.kamenityvrch.cz\/index.php\/wp-json\/wp\/v2\/pages\/1169"}],"collection":[{"href":"https:\/\/www.kamenityvrch.cz\/index.php\/wp-json\/wp\/v2\/pages"}],"about":[{"href":"https:\/\/www.kamenityvrch.cz\/index.php\/wp-json\/wp\/v2\/types\/page"}],"author":[{"embeddable":true,"href":"https:\/\/www.kamenityvrch.cz\/index.php\/wp-json\/wp\/v2\/users\/1"}],"replies":[{"embeddable":true,"href":"https:\/\/www.kamenityvrch.cz\/index.php\/wp-json\/wp\/v2\/comments?post=1169"}],"version-history":[{"count":118,"href":"https:\/\/www.kamenityvrch.cz\/index.php\/wp-json\/wp\/v2\/pages\/1169\/revisions"}],"predecessor-version":[{"id":3526,"href":"https:\/\/www.kamenityvrch.cz\/index.php\/wp-json\/wp\/v2\/pages\/1169\/revisions\/3526"}],"wp:featuredmedia":[{"embeddable":true,"href":"https:\/\/www.kamenityvrch.cz\/index.php\/wp-json\/wp\/v2\/media\/196"}],"wp:attachment":[{"href":"https:\/\/www.kamenityvrch.cz\/index.php\/wp-json\/wp\/v2\/media?parent=1169"}],"curies":[{"name":"wp","href":"https:\/\/api.w.org\/{rel}","templated":true}]}}