{"id":1174,"date":"2020-09-27T19:57:19","date_gmt":"2020-09-27T19:57:19","guid":{"rendered":"http:\/\/www.kamenityvrch.cz\/?page_id=1174"},"modified":"2026-02-23T08:19:34","modified_gmt":"2026-02-23T08:19:34","slug":"hipoterapie-pro-dospele","status":"publish","type":"page","link":"https:\/\/www.kamenityvrch.cz\/index.php\/hipoterapie-pro-dospele\/","title":{"rendered":"Programy pro dosp\u011bl\u00e9"},"content":{"rendered":"\n<p><\/p>\n\n\n\n<h2 class=\"wp-block-heading\">Hiporehabilitace v kontaktn\u00ed terapii<\/h2>\n\n\n\n<p>Hiporehabilitace v kontaktn\u00ed terapii je vhodn\u00e1 nap\u0159\u00edklad pro klienty s psychosomatick\u00fdmi probl\u00e9my, \u00fazkostmi, depresemi a dal\u0161\u00edmi typy chronick\u00fdch onemocn\u011bn\u00ed. Z\u00fa\u010dastnit se mohou tak\u00e9 klienti s v\u00e1\u017en\u011bj\u0161\u00edmi poruchami motorick\u00fdch nebo i kognitivn\u00edch funkc\u00ed, kte\u0159\u00ed jsou schopni alespo\u0148 kr\u00e1tk\u00e9 samostatn\u00e9 ch\u016fze v ter\u00e9nu. Sou\u010d\u00e1st\u00ed programu m\u016f\u017ee b\u00fdt p\u00e9\u010de o kon\u011b, p\u011b\u0161\u00ed vych\u00e1zka s ko\u0148mi do p\u0159\u00edrody, n\u00e1cvik komunikace s ko\u0148mi ze zem\u011b nebo tzv. Parelliho hry, p\u0159i kter\u00fdch kon\u011b pln\u00ed r\u016fznorod\u00e9 \u00fakoly podle zad\u00e1n\u00ed \u00fa\u010dastn\u00edk\u016f. Klienti na kon\u00edch v r\u00e1mci programu nejezd\u00ed.<\/p>\n\n\n\n<p><strong>Cena individu\u00e1ln\u00ed hiporehabilitace:<\/strong> 800,- \/ hod<br><strong>Cena skupinov\u00e9 hiporehabilitace:<\/strong> 450,- \/ hod \/ osoba (p\u0159i \u00fa\u010dasti 2-4 klient\u016f u 1 kon\u011b)<\/p>\n\n\n\n<p><strong><em>Dotovan\u00e1 cena: <\/em><\/strong><em>600,-\/hod p\u0159i \u00fa\u010dasti max. 2 osob u 1 kon\u011b<\/em> <em>(v\u00edce informac\u00ed k podm\u00ednk\u00e1m poskytnut\u00ed dotovan\u00e9 ceny na info@kamenityvrch.cz)<\/em><\/p>\n\n\n\n<p>Dotovanou cenu m\u016f\u017eeme poskytovat d\u00edky sponzorsk\u00fdm dar\u016fm. D\u011bkujeme!<\/p>\n    <!-- sktbuilder starter --><script type=\"text\/javascript\" src=\"https:\/\/www.kamenityvrch.cz\/wp-content\/plugins\/skt-builder\/sktbuilder\/sktbuilder-frontend-starter.js\"><\/script><script type=\"text\/javascript\" src=\"https:\/\/www.kamenityvrch.cz\/wp-content\/plugins\/skt-builder\/sktbuilder-wordpress-driver.js\"><\/script><script type=\"text\/javascript\"> var starter = new SktbuilderStarter({\"mode\": \"prod\", \"skip\":[\"jquery\",\"underscore\",\"backbone\"],\"sktbuilderUrl\": \"https:\/\/www.kamenityvrch.cz\/wp-content\/plugins\/skt-builder\/sktbuilder\/\", \"driver\": new SktbuilderWordpressDriver({\"ajaxUrl\": \"https:\/\/www.kamenityvrch.cz\/wp-admin\/admin-ajax.php\", \"iframeUrl\": \"https:\/\/www.kamenityvrch.cz\/index.php\/hipoterapie-pro-dospele\/?sktbuilder=true\", \"pageId\": 1174, \"pages\": [{\"title\":\"Novinky\",\"url\":\"https:\\\/\\\/www.kamenityvrch.cz\\\/wp-admin\\\/post.php?post=102&action=sktbuilder\"}], \"page\": \"Programy pro dosp\u011bl\u00e9\" }) });<\/script><!-- end sktbuilder starter -->","protected":false},"excerpt":{"rendered":"<p>Hiporehabilitace v kontaktn\u00ed terapii Hiporehabilitace v kontaktn\u00ed terapii je vhodn\u00e1 nap\u0159\u00edklad pro klienty s psychosomatick\u00fdmi probl\u00e9my, \u00fazkostmi, depresemi a dal\u0161\u00edmi typy chronick\u00fdch onemocn\u011bn\u00ed. Z\u00fa\u010dastnit se mohou tak\u00e9 klienti s v\u00e1\u017en\u011bj\u0161\u00edmi poruchami motorick\u00fdch nebo i kognitivn\u00edch funkc\u00ed, kte\u0159\u00ed jsou schopni alespo\u0148 kr\u00e1tk\u00e9 samostatn\u00e9 ch\u016fze v ter\u00e9nu. Sou\u010d\u00e1st\u00ed programu m\u016f\u017ee b\u00fdt p\u00e9\u010de o kon\u011b, p\u011b\u0161\u00ed vych\u00e1zka s<br \/><a class=\"moretag\" href=\"https:\/\/www.kamenityvrch.cz\/index.php\/hipoterapie-pro-dospele\/\">+ Read More<\/a><\/p>\n","protected":false},"author":1,"featured_media":196,"parent":0,"menu_order":0,"comment_status":"closed","ping_status":"closed","template":"templates\/page-nosidebar_template.php","meta":{"footnotes":""},"_links":{"self":[{"href":"https:\/\/www.kamenityvrch.cz\/index.php\/wp-json\/wp\/v2\/pages\/1174"}],"collection":[{"href":"https:\/\/www.kamenityvrch.cz\/index.php\/wp-json\/wp\/v2\/pages"}],"about":[{"href":"https:\/\/www.kamenityvrch.cz\/index.php\/wp-json\/wp\/v2\/types\/page"}],"author":[{"embeddable":true,"href":"https:\/\/www.kamenityvrch.cz\/index.php\/wp-json\/wp\/v2\/users\/1"}],"replies":[{"embeddable":true,"href":"https:\/\/www.kamenityvrch.cz\/index.php\/wp-json\/wp\/v2\/comments?post=1174"}],"version-history":[{"count":45,"href":"https:\/\/www.kamenityvrch.cz\/index.php\/wp-json\/wp\/v2\/pages\/1174\/revisions"}],"predecessor-version":[{"id":3518,"href":"https:\/\/www.kamenityvrch.cz\/index.php\/wp-json\/wp\/v2\/pages\/1174\/revisions\/3518"}],"wp:featuredmedia":[{"embeddable":true,"href":"https:\/\/www.kamenityvrch.cz\/index.php\/wp-json\/wp\/v2\/media\/196"}],"wp:attachment":[{"href":"https:\/\/www.kamenityvrch.cz\/index.php\/wp-json\/wp\/v2\/media?parent=1174"}],"curies":[{"name":"wp","href":"https:\/\/api.w.org\/{rel}","templated":true}]}}