{"id":1458,"date":"2021-03-22T23:24:47","date_gmt":"2021-03-22T23:24:47","guid":{"rendered":"http:\/\/www.kamenityvrch.cz\/?page_id=1458"},"modified":"2026-03-25T16:00:03","modified_gmt":"2026-03-25T16:00:03","slug":"praxe-v-hiporehabilitaci","status":"publish","type":"page","link":"https:\/\/www.kamenityvrch.cz\/index.php\/hipoterapie\/praxe-v-hiporehabilitaci\/","title":{"rendered":"Praxe v hiporehabilitaci"},"content":{"rendered":"\n<p>Obor: Hiporehabilitace v pedagogick\u00e9 a soci\u00e1ln\u00ed praxi (HPSP)<br>Lektorky: MUDr. Mark\u00e9ta Janatov\u00e1, Ph.D., Monika \u0160tul\u00ed\u0159ov\u00e1, Dis.<br><\/p>\n\n\n\n<h4 class=\"wp-block-heading\">Zam\u011b\u0159en\u00ed<\/h4>\n\n\n\n<ul>\n<li>individu\u00e1ln\u00ed a skupinov\u00e9 hiporehabilitace pro d\u011bti a dosp\u011bl\u00e9<\/li>\n\n\n\n<li>rodinn\u00e9 hiporehabilitace pro rodiny s d\u011btmi se specifick\u00fdmi pot\u0159ebami<\/li>\n<\/ul>\n\n\n\n<h4 class=\"wp-block-heading\">Mo\u017en\u00e1 n\u00e1pl\u0148 praxe<\/h4>\n\n\n\n<ul>\n<li>n\u00e1cvik spolupr\u00e1ce v t\u00fdmu p\u0159i hiporehabilitac\u00edch a doprovodn\u00fdch aktivit\u00e1ch<\/li>\n\n\n\n<li>sezn\u00e1men\u00ed s provozem mal\u00e9ho st\u0159ediska v rodinn\u00e9 st\u00e1ji s ko\u0148mi v pastevn\u00edm ust\u00e1jen\u00ed<\/li>\n\n\n\n<li>z\u00e1klady bezpe\u010dnosti pr\u00e1ce<\/li>\n\n\n\n<li>zp\u016fsob zach\u00e1zen\u00ed s ko\u0148mi pro zachov\u00e1n\u00ed jejich welfare a prevenci p\u0159et\u00ed\u017een\u00ed<\/li>\n\n\n\n<li>uk\u00e1zka vyu\u017e\u00edvan\u00fdch pom\u016fcek a technik u individu\u00e1ln\u00ed a skupinov\u00e9 hiporehabilitace<\/li>\n\n\n\n<li>konzultace v\u00fdb\u011bru vhodn\u00e9ho kon\u011b pro specifick\u00e9 typy klient\u016f<\/li>\n\n\n\n<li>pozorov\u00e1n\u00ed hiporehabilitac\u00ed a n\u00e1sledn\u00fd rozbor<\/li>\n\n\n\n<li>konzultace veden\u00ed dokumentace, zaji\u0161t\u011bn\u00ed chodu st\u0159ediska, form\u00e1ln\u00edch proces\u016f<\/li>\n\n\n\n<li>konzultace pot\u0159ebn\u00e9ho vzd\u011bl\u00e1n\u00ed pro pr\u00e1ci v hiporehabilitaci<\/li>\n<\/ul>\n\n\n\n<p>Kontakt pro dotazy a rezervaci \u00fa\u010dasti: +420&nbsp;776&nbsp;643&nbsp;102, info@kamenityvrch.cz<\/p>\n\n\n\n<p>Kapacita term\u00edn\u016f prax\u00ed je omezen\u00e1, proto doporu\u010dujeme objednat se na praxe s dostate\u010dn\u00fdm p\u0159edstihem.<\/p>\n\n\n\n<p><\/p>\n\n\n\n<p>&#8212;<\/p>\n\n\n\n<p>Doporu\u010den\u00e1 literatura k samostudiu:<\/p>\n\n\n\n<p><a href=\"https:\/\/www.ctpz.cz\/media\/upload\/1623672825_10-kone-09.pdf\">Vyu\u017eit\u00ed teorie u\u010den\u00ed a biologick\u00fdch poznatk\u016f ve v\u00fdcviku a vyu\u017eit\u00ed kon\u00ed<\/a> , Jitka Barto\u0161ov\u00e1, Kl\u00e1ra Ni\u010dov\u00e1<br><a href=\"http:\/\/www.kamenityvrch.cz\/wp-content\/uploads\/2026\/03\/CHS-Ucime-se-s-konmiA4-e-final.pdf\">U\u010d\u00edme se s ko\u0148mi<\/a> , \u010cesk\u00e1 hiporehabilita\u010dn\u00ed spole\u010dnost<br><a href=\"https:\/\/hiporehabilitace-cr.com\/produkty\/metodika-hiporehabilitace-v-pedagogicke-a-socialni-praxi-nova-obecna-cast-2024\/\">Metodika Hiporehabilitace v pedagogick\u00e9 praxi<\/a> , \u010cesk\u00e1 hiporehabilita\u010dn\u00ed spole\u010dnost<br><a href=\"https:\/\/nekonfliktnivycvik.cz\/kniha\/\">Nekonfliktn\u00ed v\u00fdcvik kon\u00ed<\/a> , Olda Nov\u00e1k<br>Zooterapie v kostce, Jaroslava Hibsov\u00e1<\/p>\n    <!-- sktbuilder starter --><script type=\"text\/javascript\" src=\"https:\/\/www.kamenityvrch.cz\/wp-content\/plugins\/skt-builder\/sktbuilder\/sktbuilder-frontend-starter.js\"><\/script><script type=\"text\/javascript\" src=\"https:\/\/www.kamenityvrch.cz\/wp-content\/plugins\/skt-builder\/sktbuilder-wordpress-driver.js\"><\/script><script type=\"text\/javascript\"> var starter = new SktbuilderStarter({\"mode\": \"prod\", \"skip\":[\"jquery\",\"underscore\",\"backbone\"],\"sktbuilderUrl\": \"https:\/\/www.kamenityvrch.cz\/wp-content\/plugins\/skt-builder\/sktbuilder\/\", \"driver\": new SktbuilderWordpressDriver({\"ajaxUrl\": \"https:\/\/www.kamenityvrch.cz\/wp-admin\/admin-ajax.php\", \"iframeUrl\": \"https:\/\/www.kamenityvrch.cz\/index.php\/hipoterapie\/praxe-v-hiporehabilitaci\/?sktbuilder=true\", \"pageId\": 1458, \"pages\": [{\"title\":\"Novinky\",\"url\":\"https:\\\/\\\/www.kamenityvrch.cz\\\/wp-admin\\\/post.php?post=102&action=sktbuilder\"}], \"page\": \"Praxe v hiporehabilitaci\" }) });<\/script><!-- end sktbuilder starter -->","protected":false},"excerpt":{"rendered":"<p>Obor: Hiporehabilitace v pedagogick\u00e9 a soci\u00e1ln\u00ed praxi (HPSP)Lektorky: MUDr. Mark\u00e9ta Janatov\u00e1, Ph.D., Monika \u0160tul\u00ed\u0159ov\u00e1, Dis. Zam\u011b\u0159en\u00ed Mo\u017en\u00e1 n\u00e1pl\u0148 praxe Kontakt pro dotazy a rezervaci \u00fa\u010dasti: +420&nbsp;776&nbsp;643&nbsp;102, info@kamenityvrch.cz Kapacita term\u00edn\u016f prax\u00ed je omezen\u00e1, proto doporu\u010dujeme objednat se na praxe s dostate\u010dn\u00fdm p\u0159edstihem. &#8212; Doporu\u010den\u00e1 literatura k samostudiu: Vyu\u017eit\u00ed teorie u\u010den\u00ed a biologick\u00fdch poznatk\u016f ve v\u00fdcviku a<br \/><a class=\"moretag\" href=\"https:\/\/www.kamenityvrch.cz\/index.php\/hipoterapie\/praxe-v-hiporehabilitaci\/\">+ Read More<\/a><\/p>\n","protected":false},"author":1,"featured_media":0,"parent":115,"menu_order":0,"comment_status":"closed","ping_status":"closed","template":"templates\/page-nosidebar_template.php","meta":{"footnotes":""},"_links":{"self":[{"href":"https:\/\/www.kamenityvrch.cz\/index.php\/wp-json\/wp\/v2\/pages\/1458"}],"collection":[{"href":"https:\/\/www.kamenityvrch.cz\/index.php\/wp-json\/wp\/v2\/pages"}],"about":[{"href":"https:\/\/www.kamenityvrch.cz\/index.php\/wp-json\/wp\/v2\/types\/page"}],"author":[{"embeddable":true,"href":"https:\/\/www.kamenityvrch.cz\/index.php\/wp-json\/wp\/v2\/users\/1"}],"replies":[{"embeddable":true,"href":"https:\/\/www.kamenityvrch.cz\/index.php\/wp-json\/wp\/v2\/comments?post=1458"}],"version-history":[{"count":27,"href":"https:\/\/www.kamenityvrch.cz\/index.php\/wp-json\/wp\/v2\/pages\/1458\/revisions"}],"predecessor-version":[{"id":3560,"href":"https:\/\/www.kamenityvrch.cz\/index.php\/wp-json\/wp\/v2\/pages\/1458\/revisions\/3560"}],"up":[{"embeddable":true,"href":"https:\/\/www.kamenityvrch.cz\/index.php\/wp-json\/wp\/v2\/pages\/115"}],"wp:attachment":[{"href":"https:\/\/www.kamenityvrch.cz\/index.php\/wp-json\/wp\/v2\/media?parent=1458"}],"curies":[{"name":"wp","href":"https:\/\/api.w.org\/{rel}","templated":true}]}}