{"id":1553,"date":"2021-05-12T16:48:54","date_gmt":"2021-05-12T16:48:54","guid":{"rendered":"http:\/\/www.kamenityvrch.cz\/?page_id=1553"},"modified":"2023-03-31T18:33:47","modified_gmt":"2023-03-31T18:33:47","slug":"skupinove","status":"publish","type":"page","link":"https:\/\/www.kamenityvrch.cz\/index.php\/hipoterapie\/skupinove\/","title":{"rendered":"Programy s dotac\u00ed MZ \u010cR 2022"},"content":{"rendered":"\n<p>D\u00edky finan\u010dn\u00edmu p\u0159\u00edsp\u011bvku z programu Podpora zdrav\u00ed, zvy\u0161ov\u00e1n\u00ed efektivity a kvality zdravotn\u00ed p\u00e9\u010de od MZ \u010cR prob\u00edhaly v roce 2022 dotovan\u00e9 hiporehabilita\u010dn\u00ed programy v r\u00e1mci projektu \u010d.  58\/22\/PZZ <em>Podpora osob v riziku syndromu vyho\u0159en\u00ed a s neurotick\u00fdmi poruchami. <\/em><br>Programy jsou ur\u010deny pro rodiny s d\u011btmi se specifick\u00fdmi pot\u0159ebami a pro z\u00e1jemce o hiporehabilitaci, kte\u0159\u00ed jsou ohro\u017eeni syndromem vyho\u0159en\u00ed nebo se pot\u00fdkaj\u00ed s neurotick\u00fdmi symptomy a psychosomatick\u00fdmi obt\u00ed\u017eemi nap\u0159\u00edklad v d\u016fsledku dlouhodob\u00e9ho stresu.<\/p>\n\n\n\n<p><strong>Pro rok 2023 se sna\u017e\u00edme sehnat dal\u0161\u00ed finan\u010dn\u00ed podporu a douf\u00e1me, \u017ee bude mo\u017en\u00e9 ve v\u00edkendov\u00fdch rodinn\u00fdch hiporehabilitac\u00edch pokra\u010dovat!<\/strong><br>U\u017e te\u010f se m\u016f\u017eete p\u0159ihl\u00e1sit  na e-mailu info@kamenityvrch.cz se z\u00e1jmem o rezervaci m\u00edst na pl\u00e1novan\u00fdch skupinov\u00fdch hiporehabilitac\u00edch v term\u00ednech  23.4.,&nbsp;14.5.,&nbsp;4.6.&nbsp;a&nbsp;25.6. 2023  od 13 do 17h. <\/p>\n\n\n\n<p>V r\u00e1mci projektu prob\u011bhly tyto akce:<\/p>\n\n\n\n<p><strong><a rel=\"noreferrer noopener\" aria-label=\"Plaven\u00ed kon\u00ed  (otev\u0159e se na nov\u00e9 z\u00e1lo\u017ece)\" href=\"http:\/\/www.kamenityvrch.cz\/wp-content\/uploads\/2022\/04\/RodinnaHipoterapie2022.pdf\" target=\"_blank\">Plaven\u00ed kon\u00ed <\/a>14.5.2022, 10:00-15:00<\/strong><br>V\u00fdlet s ko\u0148mi z Bla\u017eimi u Neveklova ke Slapsk\u00e9 p\u0159ehrad\u011b kr\u00e1sn\u00fdm p\u0159\u00edrodn\u00edm ter\u00e9nem. Rodiny s men\u0161\u00edmi d\u011btmi se mohou p\u0159ijet pod\u00edvat na samotn\u00e9 plaven\u00ed do Nov\u00e9 \u017divoho\u0161ti. Den pln\u00fd relaxace, z\u00e1\u017eitk\u016f a odpo\u010dinku od stresu. <em>\u00da\u010dast je zdarma.<\/em><\/p>\n\n\n\n<p><strong><a rel=\"noreferrer noopener\" aria-label=\"Kon\u011b a hry (otev\u0159e se na nov\u00e9 z\u00e1lo\u017ece)\" href=\"http:\/\/www.kamenityvrch.cz\/wp-content\/uploads\/2022\/04\/RodinnaHipoterapie2022.pdf\" target=\"_blank\">Kon\u011b a hry<\/a> 22.5.2022, 13:00-18:00<\/strong> <br>Hiporehabilitace pro rodiny d\u011bt\u00ed se specifick\u00fdmi pot\u0159ebami v \u010cernolic\u00edch. V pr\u016fb\u011bhu odpoledne budou pro d\u011bti a jejich rodi\u010de p\u0159ipraveny krom\u011b programu s ko\u0148mi tak\u00e9 odpo\u010dinkov\u00e9 v\u00fdtvarn\u00e9 aktivity a pohybov\u00e9 hry na t\u00e9ma kon\u00ed.  <em>\u00da\u010dast je zdarma.<\/em> <\/p>\n\n\n\n<p><strong><a rel=\"noreferrer noopener\" aria-label=\"Relaxace s ko\u0148mi (otev\u0159e se na nov\u00e9 z\u00e1lo\u017ece)\" href=\"http:\/\/www.kamenityvrch.cz\/wp-content\/uploads\/2022\/04\/RodinnaHipoterapie2022.pdf\" target=\"_blank\">Relaxace s ko\u0148mi<\/a> 12.6.2022, 13:00-18:00<\/strong><br>Pohodov\u00e9 odpoledne vypln\u011bn\u00e9 programem s ko\u0148mi i relaxa\u010dn\u00edmi aktivitami v \u010cernolic\u00edch. Dosp\u011bl\u00ed i star\u0161\u00ed d\u011bti se mohou nau\u010dit z\u00e1klady j\u00f3gy, v\u010detn\u011b jednoduch\u00e9 sestavy na ka\u017ed\u00fd den.  <em>\u00da\u010dast je zdarma.<\/em> <\/p>\n\n\n\n<p><strong><a rel=\"noreferrer noopener\" aria-label=\"Sebezku\u0161enostn\u00ed workshop &quot;D\u00fdchej s kon\u011bm&quot; (otev\u0159e se na nov\u00e9 z\u00e1lo\u017ece)\" href=\"http:\/\/www.kamenityvrch.cz\/wp-content\/uploads\/2022\/04\/workshopMZCR.pdf\" target=\"_blank\">Sebezku\u0161enostn\u00ed workshop &#8222;D\u00fdchej s kon\u011bm&#8220;<\/a> 16.7.2022, 14:00-19:00<\/strong><br>Sebezku\u0161enostn\u00ed workshop zam\u011b\u0159en\u00fd na relaxaci, pr\u00e1ci s t\u011blem a nonverb\u00e1ln\u00ed komunikaci s ko\u0148mi ze zem\u011b, na vod\u00edtku i ve volnosti.  <em>\u00da\u010dast je zdarma.<\/em> <\/p>\n\n\n\n<p><strong><a rel=\"noreferrer noopener\" href=\"http:\/\/www.kamenityvrch.cz\/wp-content\/uploads\/2022\/04\/RodinnaHipoterapie2022.pdf\" target=\"_blank\">Rodinn\u00e9 hiporehabilitace<\/a> 4.9.2022, 14:00-17:00<\/strong><br>Hiporehabilitace pro rodiny d\u011bt\u00ed se specifick\u00fdmi pot\u0159ebami. Pohodov\u00e9 odpoledne vypln\u011bn\u00e9 programem s ko\u0148mi a doprovodn\u00fdmi aktivitami v \u010cernolic\u00edch. <em>\u00da\u010dast je zdarma.<\/em><\/p>\n\n\n\n<p><strong><a rel=\"noreferrer noopener\" href=\"http:\/\/www.kamenityvrch.cz\/wp-content\/uploads\/2022\/04\/RodinnaHipoterapie2022.pdf\" target=\"_blank\">Rodinn\u00e9 hiporehabilitace<\/a> 2.10.2022, 14:00-17:00<\/strong><br>Hiporehabilitace pro rodiny d\u011bt\u00ed se specifick\u00fdmi pot\u0159ebami. Pohodov\u00e9 odpoledne vypln\u011bn\u00e9 programem s ko\u0148mi a doprovodn\u00fdmi aktivitami v \u010cernolic\u00edch.  <em>\u00da\u010dast je zdarma.<\/em><\/p>\n\n\n\n<p><strong><a rel=\"noreferrer noopener\" href=\"http:\/\/www.kamenityvrch.cz\/wp-content\/uploads\/2022\/04\/RodinnaHipoterapie2022.pdf\" target=\"_blank\">Rodinn\u00e9 hiporehabilitace<\/a> 15.10.2022, 13:00-16:00<\/strong><br>Hiporehabilitace pro rodiny d\u011bt\u00ed se specifick\u00fdmi pot\u0159ebami. Pohodov\u00e9 odpoledne vypln\u011bn\u00e9 programem s ko\u0148mi a doprovodn\u00fdmi aktivitami v \u010cernolic\u00edch. <em>\u00da\u010dast je zdarma.<\/em><\/p>\n\n\n\n<p><strong><a rel=\"noreferrer noopener\" href=\"http:\/\/www.kamenityvrch.cz\/wp-content\/uploads\/2022\/04\/RodinnaHipoterapie2022.pdf\" target=\"_blank\">Rodinn\u00e9 hiporehabilitace<\/a> 30.10.2022, 13:00-16:00<\/strong><br>Hiporehabilitace pro rodiny d\u011bt\u00ed se specifick\u00fdmi pot\u0159ebami. Pohodov\u00e9 odpoledne vypln\u011bn\u00e9 programem s ko\u0148mi a doprovodn\u00fdmi aktivitami v \u010cernolic\u00edch.  <em>\u00da\u010dast je zdarma.<\/em><\/p>\n\n\n\n<figure><a href=\"http:\/\/www.kamenityvrch.cz\/wp-content\/uploads\/2022\/08\/PodzimHipoterapie.pdf\" target=\"blank\" rel=\"noopener noreferrer\"><img loading=\"lazy\" decoding=\"async\" src=\"http:\/\/www.kamenityvrch.cz\/wp-content\/uploads\/2022\/08\/PodzimHipoterapie.png\" alt=\"\" class=\"wp-image-1982\" width=\"270\" height=\"381\"><\/a><\/figure>\n\n<figure><a href=\"http:\/\/www.kamenityvrch.cz\/wp-content\/uploads\/2022\/04\/RodinnaHiporehabilitace.pdf\" target=\"blank\" rel=\"noopener noreferrer\"><img loading=\"lazy\" decoding=\"async\" src=\"http:\/\/www.kamenityvrch.cz\/wp-content\/uploads\/2022\/04\/kone_rodiny2-724x1024.png\" alt=\"\" class=\"wp-image-1982\" width=\"270\" height=\"381\"><\/a><\/figure>\n\n\n<figure><a href=\"http:\/\/www.kamenityvrch.cz\/wp-content\/uploads\/2022\/05\/WorkshopMZCR2022.pdf\" target=\"blank\" rel=\"noopener noreferrer\"><img loading=\"lazy\" decoding=\"async\" src=\"http:\/\/www.kamenityvrch.cz\/wp-content\/uploads\/2022\/05\/WorkshopMZCR2022.png\" alt=\"\" class=\"wp-image-1982\" width=\"270\" height=\"381\"><\/a><\/figure>\n\n\n<\/figure><\/div>\n\n\n\n<p>Pro j\u00edzdu na koni je na t\u011bchto v\u00edkendov\u00fdch akc\u00edch pot\u0159eba schopnost samostatn\u00e9ho sedu, v\u00e1hov\u00fd limit je 30 kg (pro d\u011bti, kter\u00e9 zvl\u00e1daj\u00ed z kon\u011b samostatn\u011b sestoupit, je po dohod\u011b v\u00e1hov\u00fd limit vy\u0161\u0161\u00ed). Ostatn\u00ed \u00fa\u010dastn\u00edci si mohou u\u017e\u00edt kontaktn\u00ed hipoterapii p\u0159i p\u00e9\u010di o kon\u011b, hr\u00e1ch s ko\u0148mi a p\u0159irozen\u00e9 komunikaci s ko\u0148mi ze zem\u011b.<\/p>\n\n\n\n<p>V r\u00e1mci projektu byli vy\u0161koleni tak\u00e9 dva peer konzultanti pro rodi\u010de d\u011bt\u00ed se specifick\u00fdmi pot\u0159ebami, kte\u0159\u00ed budou rodiny podporovat v pr\u016fb\u011bhu hiporehabilitace i po skon\u010den\u00ed projektu.<\/p>\n\n\n\n<p>Projekt realizujeme ve spolupr\u00e1ci s <a href=\"http:\/\/www.biofarmaskrivanek.cz\/\">Biofarmou Sk\u0159iv\u00e1nek<\/a> na Klatovsku a St\u0159ediskem praktick\u00e9 v\u00fduky \u010cHS <a href=\"http:\/\/hipojupiter.cz\/\">Hiporehabilitace Jupiter <\/a>v \u0158evnic\u00edch na Praze-z\u00e1pad. V t\u011bchto organizac\u00edch je tak\u00e9 mo\u017en\u00e9 za\u017e\u00e1dat o za\u0159azen\u00ed do hiporehabilita\u010dn\u00edch program\u016f.<\/p>\n\n\n\n<hr class=\"wp-block-separator\"\/>\n\n\n\n<p><strong>Pro rezervaci term\u00ednu a dal\u0161\u00ed informace&nbsp;<\/strong>se obracejte na e-mail&nbsp;info@kamenityvrch.cz&nbsp;<br>nebo na telefonn\u00ed \u010d\u00edslo +420 776 643 102.<\/p>\n\n\n\n<p>Kontakt pro z\u00e1jemce o podporu od peer konzultant\u016f: marketa.janatova@kamenityvrch.cz .<\/p>\n\n\n\n<p>Projekt byl realizov\u00e1n za finan\u010dn\u00ed podpory Ministerstva zdravotnictv\u00ed \u010cesk\u00e9 republiky.  <\/p>\n\n\n\n<figure class=\"wp-block-image is-resized\"><img loading=\"lazy\" decoding=\"async\" src=\"https:\/\/www.kamenityvrch.cz\/wp-content\/uploads\/2022\/05\/logo-mzcr-1024x360.png\" alt=\"\" class=\"wp-image-2047\" width=\"316\" height=\"110\" srcset=\"https:\/\/www.kamenityvrch.cz\/wp-content\/uploads\/2022\/05\/logo-mzcr-1024x360.png 1024w, https:\/\/www.kamenityvrch.cz\/wp-content\/uploads\/2022\/05\/logo-mzcr-300x105.png 300w, https:\/\/www.kamenityvrch.cz\/wp-content\/uploads\/2022\/05\/logo-mzcr-768x270.png 768w, https:\/\/www.kamenityvrch.cz\/wp-content\/uploads\/2022\/05\/logo-mzcr.png 1256w\" sizes=\"(max-width: 316px) 100vw, 316px\" \/><\/figure>\n    <!-- sktbuilder starter --><script type=\"text\/javascript\" src=\"https:\/\/www.kamenityvrch.cz\/wp-content\/plugins\/skt-builder\/sktbuilder\/sktbuilder-frontend-starter.js\"><\/script><script type=\"text\/javascript\" src=\"https:\/\/www.kamenityvrch.cz\/wp-content\/plugins\/skt-builder\/sktbuilder-wordpress-driver.js\"><\/script><script type=\"text\/javascript\"> var starter = new SktbuilderStarter({\"mode\": \"prod\", \"skip\":[\"jquery\",\"underscore\",\"backbone\"],\"sktbuilderUrl\": \"https:\/\/www.kamenityvrch.cz\/wp-content\/plugins\/skt-builder\/sktbuilder\/\", \"driver\": new SktbuilderWordpressDriver({\"ajaxUrl\": \"https:\/\/www.kamenityvrch.cz\/wp-admin\/admin-ajax.php\", \"iframeUrl\": \"https:\/\/www.kamenityvrch.cz\/index.php\/hipoterapie\/skupinove\/?sktbuilder=true\", \"pageId\": 1553, \"pages\": [{\"title\":\"Novinky\",\"url\":\"https:\\\/\\\/www.kamenityvrch.cz\\\/wp-admin\\\/post.php?post=102&action=sktbuilder\"}], \"page\": \"Programy s dotac\u00ed MZ \u010cR 2022\" }) });<\/script><!-- end sktbuilder starter -->","protected":false},"excerpt":{"rendered":"<p>D\u00edky finan\u010dn\u00edmu p\u0159\u00edsp\u011bvku z programu Podpora zdrav\u00ed, zvy\u0161ov\u00e1n\u00ed efektivity a kvality zdravotn\u00ed p\u00e9\u010de od MZ \u010cR prob\u00edhaly v roce 2022 dotovan\u00e9 hiporehabilita\u010dn\u00ed programy v r\u00e1mci projektu \u010d. 58\/22\/PZZ Podpora osob v riziku syndromu vyho\u0159en\u00ed a s neurotick\u00fdmi poruchami. Programy jsou ur\u010deny pro rodiny s d\u011btmi se specifick\u00fdmi pot\u0159ebami a pro z\u00e1jemce o hiporehabilitaci, kte\u0159\u00ed jsou<br \/><a class=\"moretag\" href=\"https:\/\/www.kamenityvrch.cz\/index.php\/hipoterapie\/skupinove\/\">+ Read More<\/a><\/p>\n","protected":false},"author":1,"featured_media":0,"parent":115,"menu_order":0,"comment_status":"closed","ping_status":"closed","template":"templates\/page-nosidebar_template.php","meta":{"footnotes":""},"_links":{"self":[{"href":"https:\/\/www.kamenityvrch.cz\/index.php\/wp-json\/wp\/v2\/pages\/1553"}],"collection":[{"href":"https:\/\/www.kamenityvrch.cz\/index.php\/wp-json\/wp\/v2\/pages"}],"about":[{"href":"https:\/\/www.kamenityvrch.cz\/index.php\/wp-json\/wp\/v2\/types\/page"}],"author":[{"embeddable":true,"href":"https:\/\/www.kamenityvrch.cz\/index.php\/wp-json\/wp\/v2\/users\/1"}],"replies":[{"embeddable":true,"href":"https:\/\/www.kamenityvrch.cz\/index.php\/wp-json\/wp\/v2\/comments?post=1553"}],"version-history":[{"count":83,"href":"https:\/\/www.kamenityvrch.cz\/index.php\/wp-json\/wp\/v2\/pages\/1553\/revisions"}],"predecessor-version":[{"id":2523,"href":"https:\/\/www.kamenityvrch.cz\/index.php\/wp-json\/wp\/v2\/pages\/1553\/revisions\/2523"}],"up":[{"embeddable":true,"href":"https:\/\/www.kamenityvrch.cz\/index.php\/wp-json\/wp\/v2\/pages\/115"}],"wp:attachment":[{"href":"https:\/\/www.kamenityvrch.cz\/index.php\/wp-json\/wp\/v2\/media?parent=1553"}],"curies":[{"name":"wp","href":"https:\/\/api.w.org\/{rel}","templated":true}]}}