{"id":2274,"date":"2022-08-16T12:24:30","date_gmt":"2022-08-16T12:24:30","guid":{"rendered":"http:\/\/www.kamenityvrch.cz\/?page_id=2274"},"modified":"2024-05-13T14:07:45","modified_gmt":"2024-05-13T14:07:45","slug":"fyzioterapie-jezdcu","status":"publish","type":"page","link":"https:\/\/www.kamenityvrch.cz\/index.php\/priprava-jezdcu\/fyzioterapie-jezdcu\/","title":{"rendered":"Fyzioterapie jezdc\u016f"},"content":{"rendered":"\n<p>Katka Holoubkov\u00e1 vystudovala fyzioterapii&nbsp; na &nbsp;MU v&nbsp;Brn\u011b a Univerzit\u011b J. E. Purkyn\u011b v&nbsp;\u00dast\u00ed n. Labem.<\/p>\n\n\n\n<p>Ji\u017e p\u0159i studiu na vysok\u00e9 \u0161kole absolvovala r\u016fzn\u00e9 odborn\u00e9 praxe nap\u0159. v&nbsp;PARACentru Fenix (zam\u011b\u0159en\u00e9 na p\u00e9\u010di po \u00farazech m\u00edchy) nebo v&nbsp;soukrom\u00e9 fyzioteraputick\u00e9 ambulanci, kam po studiu nastoupila na pln\u00fd \u00favazek. V&nbsp;r\u00e1mci sebevzd\u011bl\u00e1v\u00e1n\u00ed, i po studiu, absolvuje dal\u0161\u00ed profesn\u00ed kurzy. V&nbsp;sou\u010dasn\u00e9 dob\u011b spolupracuje&nbsp;jako fyzioterapeutka s&nbsp;krasobrusla\u0159sk\u00fdmi kluby USK Praha a Skating Club&nbsp; Brno. Zam\u011b\u0159uje se tak\u00e9 na fyzioterapii a zlep\u0161en\u00ed funkce pohybov\u00e9ho apar\u00e1tu u d\u011bt\u00ed doch\u00e1zej\u00edc\u00edch na hiporehabilitaci do st\u0159ediska Kamenit\u00fd vrch na Praze-z\u00e1pad.<\/p>\n\n\n\n<p>Od \u00fatl\u00e9ho d\u011btstv\u00ed se intenzivn\u011b v\u011bnovala sportu. Od t\u0159\u00ed let krasobruslen\u00ed, resp. synchronizovan\u00e9mu bruslen\u00ed a od patn\u00e1cti let tak\u00e9 westernov\u00e9mu jezdectv\u00ed. Se svoji kobylkou maj\u00ed za sebou n\u011bkolik \u00fasp\u011b\u0161n\u00fdch start\u016f na mezin\u00e1rodn\u00edch z\u00e1vodech.&nbsp;N\u00e1ro\u010dn\u00e1 p\u0159\u00edprava v obou sportech, kter\u00e1 s&nbsp;sebou p\u0159inesla i \u0159adu zran\u011bn\u00ed, to jsou zku\u0161enosti, kter\u00e9 ji dovedly k&nbsp;jej\u00ed nyn\u011bj\u0161\u00ed profesi fyzioterapeuta. <\/p>\n\n\n\n<p>D\u00edky zku\u0161enostem v&nbsp;jezdeck\u00e9m sportu i v profesi fyzioterapeuta zjistila, \u017ee&nbsp;v jezdeck\u00e9m sportu chyb\u00ed fyzioterapeutick\u00e1 p\u00e9\u010de pro jezdce. R\u00e1da by proto, ve spolupr\u00e1ci s&nbsp;<a href=\"https:\/\/www.kamenityvrch.cz\/index.php\/priprava-jezdcu\/s-konem-v-harmonii\/\">Barborou Voltrovou<\/a> (b\u00fdvalou \u010deskou reprezentantkou v&nbsp;modern\u00edm p\u011btiboji), tuto mezeru vyplnila. V&nbsp;r\u00e1mci specificky zam\u011b\u0159en\u00fdch semin\u00e1\u0159\u016f projektu <a href=\"https:\/\/www.facebook.com\/Skonemvharmonii\" target=\"_blank\" rel=\"noreferrer noopener\" aria-label=\"S kon\u011bm v harmonii (otev\u0159e se na nov\u00e9 z\u00e1lo\u017ece)\">S kon\u011bm v harmonii<\/a> tak propojuj\u00ed jezdeck\u00e1 cvi\u010den\u00ed p\u0159\u00edmo s&nbsp;fyzioterapi\u00ed a to individu\u00e1ln\u011b pro ka\u017ed\u00e9ho jezdce. <\/p>\n\n\n\n<p>Sv\u00e9 slu\u017eby Katka nab\u00edz\u00ed jak ve specializovan\u00e9 ambulanci v\u00a0Praze \u2013 Zbraslav, tak p\u0159\u00edmo ve va\u0161\u00ed st\u00e1ji, aby tak mohla l\u00e9pe pochopit dvojici\u00a0 jezdec &#8211; k\u016f\u0148 jako celek.<\/p>\n\n\n\n<p>Kontakt pro objedn\u00e1vky a dal\u0161\u00ed informace: skonemvharmonii@gmail.com<\/p>\n\n\n\n<figure class=\"wp-block-image\"><img loading=\"lazy\" decoding=\"async\" width=\"962\" height=\"640\" src=\"https:\/\/www.kamenityvrch.cz\/wp-content\/uploads\/2022\/08\/KatkaFyzio2.jpeg\" alt=\"\" class=\"wp-image-2287\" srcset=\"https:\/\/www.kamenityvrch.cz\/wp-content\/uploads\/2022\/08\/KatkaFyzio2.jpeg 962w, https:\/\/www.kamenityvrch.cz\/wp-content\/uploads\/2022\/08\/KatkaFyzio2-300x200.jpeg 300w, https:\/\/www.kamenityvrch.cz\/wp-content\/uploads\/2022\/08\/KatkaFyzio2-768x511.jpeg 768w\" sizes=\"(max-width: 962px) 100vw, 962px\" \/><\/figure>\n    <!-- sktbuilder starter --><script type=\"text\/javascript\" src=\"https:\/\/www.kamenityvrch.cz\/wp-content\/plugins\/skt-builder\/sktbuilder\/sktbuilder-frontend-starter.js\"><\/script><script type=\"text\/javascript\" src=\"https:\/\/www.kamenityvrch.cz\/wp-content\/plugins\/skt-builder\/sktbuilder-wordpress-driver.js\"><\/script><script type=\"text\/javascript\"> var starter = new SktbuilderStarter({\"mode\": \"prod\", \"skip\":[\"jquery\",\"underscore\",\"backbone\"],\"sktbuilderUrl\": \"https:\/\/www.kamenityvrch.cz\/wp-content\/plugins\/skt-builder\/sktbuilder\/\", \"driver\": new SktbuilderWordpressDriver({\"ajaxUrl\": \"https:\/\/www.kamenityvrch.cz\/wp-admin\/admin-ajax.php\", \"iframeUrl\": \"https:\/\/www.kamenityvrch.cz\/index.php\/priprava-jezdcu\/fyzioterapie-jezdcu\/?sktbuilder=true\", \"pageId\": 2274, \"pages\": [{\"title\":\"Novinky\",\"url\":\"https:\\\/\\\/www.kamenityvrch.cz\\\/wp-admin\\\/post.php?post=102&action=sktbuilder\"}], \"page\": \"Fyzioterapie jezdc\u016f\" }) });<\/script><!-- end sktbuilder starter -->","protected":false},"excerpt":{"rendered":"<p>Katka Holoubkov\u00e1 vystudovala fyzioterapii&nbsp; na &nbsp;MU v&nbsp;Brn\u011b a Univerzit\u011b J. E. Purkyn\u011b v&nbsp;\u00dast\u00ed n. Labem. Ji\u017e p\u0159i studiu na vysok\u00e9 \u0161kole absolvovala r\u016fzn\u00e9 odborn\u00e9 praxe nap\u0159. v&nbsp;PARACentru Fenix (zam\u011b\u0159en\u00e9 na p\u00e9\u010di po \u00farazech m\u00edchy) nebo v&nbsp;soukrom\u00e9 fyzioteraputick\u00e9 ambulanci, kam po studiu nastoupila na pln\u00fd \u00favazek. V&nbsp;r\u00e1mci sebevzd\u011bl\u00e1v\u00e1n\u00ed, i po studiu, absolvuje dal\u0161\u00ed profesn\u00ed kurzy. V&nbsp;sou\u010dasn\u00e9<br \/><a class=\"moretag\" href=\"https:\/\/www.kamenityvrch.cz\/index.php\/priprava-jezdcu\/fyzioterapie-jezdcu\/\">+ Read More<\/a><\/p>\n","protected":false},"author":1,"featured_media":0,"parent":2265,"menu_order":0,"comment_status":"closed","ping_status":"closed","template":"templates\/page-nosidebar_template.php","meta":{"footnotes":""},"_links":{"self":[{"href":"https:\/\/www.kamenityvrch.cz\/index.php\/wp-json\/wp\/v2\/pages\/2274"}],"collection":[{"href":"https:\/\/www.kamenityvrch.cz\/index.php\/wp-json\/wp\/v2\/pages"}],"about":[{"href":"https:\/\/www.kamenityvrch.cz\/index.php\/wp-json\/wp\/v2\/types\/page"}],"author":[{"embeddable":true,"href":"https:\/\/www.kamenityvrch.cz\/index.php\/wp-json\/wp\/v2\/users\/1"}],"replies":[{"embeddable":true,"href":"https:\/\/www.kamenityvrch.cz\/index.php\/wp-json\/wp\/v2\/comments?post=2274"}],"version-history":[{"count":11,"href":"https:\/\/www.kamenityvrch.cz\/index.php\/wp-json\/wp\/v2\/pages\/2274\/revisions"}],"predecessor-version":[{"id":3077,"href":"https:\/\/www.kamenityvrch.cz\/index.php\/wp-json\/wp\/v2\/pages\/2274\/revisions\/3077"}],"up":[{"embeddable":true,"href":"https:\/\/www.kamenityvrch.cz\/index.php\/wp-json\/wp\/v2\/pages\/2265"}],"wp:attachment":[{"href":"https:\/\/www.kamenityvrch.cz\/index.php\/wp-json\/wp\/v2\/media?parent=2274"}],"curies":[{"name":"wp","href":"https:\/\/api.w.org\/{rel}","templated":true}]}}