{"id":2543,"date":"2023-03-31T20:30:26","date_gmt":"2023-03-31T20:30:26","guid":{"rendered":"http:\/\/www.kamenityvrch.cz\/?page_id=2543"},"modified":"2023-07-12T15:19:50","modified_gmt":"2023-07-12T15:19:50","slug":"prazdninovy-tyden","status":"publish","type":"page","link":"https:\/\/www.kamenityvrch.cz\/index.php\/prazdninovy-tyden\/","title":{"rendered":"Pr\u00e1zdninov\u00fd t\u00fdden"},"content":{"rendered":"\n<p>V t\u00fddnu od 10. do 14. \u010dervence prob\u011bhne hiporehabilita\u010dn\u00ed t\u00fdden pro rodiny d\u011bt\u00ed se specifick\u00fdmi pot\u0159ebami. Krom\u011b kon\u00ed se m\u016f\u017eete t\u011b\u0161it tak\u00e9 na uk\u00e1zky dal\u0161\u00edch metod (fyzioterapie, muzikoterapie, canisterapie, artefiletika aj.). \u010cekaj\u00ed n\u00e1s tak\u00e9 spole\u010dn\u00e9 rozhovory o pot\u0159eb\u00e1ch d\u011bt\u00ed se specifick\u00fdmi pot\u0159ebami, abychom zjistili, jak\u00e9 probl\u00e9my je v oblasti soci\u00e1ln\u00edch slu\u017eeb skute\u010dn\u011b pot\u0159eba \u0159e\u0161it a s \u010d\u00edm bychom mohli rodin\u00e1m nejl\u00e9pe pomoci.<\/p>\n\n\n\n<p>Pro j\u00edzdu na koni je na t\u00e9to akci pot\u0159eba schopnost samostatn\u00e9ho sedu, v\u00e1hov\u00fd limit je 30 kg (pro d\u011bti, kter\u00e9 zvl\u00e1daj\u00ed z kon\u011b samostatn\u011b sestoupit, je po dohod\u011b v\u00e1hov\u00fd limit vy\u0161\u0161\u00ed). Ostatn\u00ed \u00fa\u010dastn\u00edci si mohou vyzkou\u0161et p\u00e9\u010di o kon\u011b, hry s ko\u0148mi a p\u0159irozenou komunikaci s ko\u0148mi ze zem\u011b.<\/p>\n\n\n\n<p>Program bude prob\u00edhat ka\u017ed\u00fd den od 9 do 17 hodin v \u010cernolic\u00edch, ubytov\u00e1n\u00ed ani stravov\u00e1n\u00ed nezaji\u0161\u0165ujeme (j\u00eddlo je mo\u017en\u00e9 oh\u0159\u00e1t v mikrovlnce nebo objednat v bl\u00edzk\u00e9 restauraci). <\/p>\n\n\n\n<p>Hiporehabilita\u010dn\u00ed t\u00fdden je financov\u00e1n z programu OPZ+ MPSV v r\u00e1mci projektu <em>Spolupr\u00e1ce p\u0159i inovaci hiporehabilitace v soci\u00e1ln\u00ed praxi se zam\u011b\u0159en\u00edm na rodiny s d\u011btmi se specifick\u00fdmi pot\u0159ebami  <\/em> <em>CZ.03.03.01\/00\/22_021\/0001564 <\/em>, na kter\u00e9m se pod\u00edl\u00edme jako partnersk\u00e1 organizace. Projekt realizuje <a rel=\"noreferrer noopener\" aria-label=\"Hiporehabilitace Jupiter (otev\u0159e se na nov\u00e9 z\u00e1lo\u017ece)\" href=\"https:\/\/www.hipojupiter.cz\/\" target=\"_blank\">Hiporehabilitace Jupiter<\/a>, dal\u0161\u00edm partnerem projektu je <a rel=\"noreferrer noopener\" aria-label=\"Vladyk\u016fv Dv\u016fr (otev\u0159e se na nov\u00e9 z\u00e1lo\u017ece)\" href=\"http:\/\/vladykuvdvur.cz\/\" target=\"_blank\">Vladyk\u016fv Dv\u016fr<\/a>. \u00da\u010dast je zdarma.<\/p>\n\n\n\n<figure class=\"wp-block-image\"><img loading=\"lazy\" decoding=\"async\" width=\"1024\" height=\"662\" src=\"https:\/\/www.kamenityvrch.cz\/wp-content\/uploads\/2023\/06\/image-1-1024x662.png\" alt=\"\" class=\"wp-image-2637\" srcset=\"https:\/\/www.kamenityvrch.cz\/wp-content\/uploads\/2023\/06\/image-1-1024x662.png 1024w, https:\/\/www.kamenityvrch.cz\/wp-content\/uploads\/2023\/06\/image-1-300x194.png 300w, https:\/\/www.kamenityvrch.cz\/wp-content\/uploads\/2023\/06\/image-1-768x497.png 768w, https:\/\/www.kamenityvrch.cz\/wp-content\/uploads\/2023\/06\/image-1.png 1211w\" sizes=\"(max-width: 1024px) 100vw, 1024px\" \/><\/figure>\n    <!-- sktbuilder starter --><script type=\"text\/javascript\" src=\"https:\/\/www.kamenityvrch.cz\/wp-content\/plugins\/skt-builder\/sktbuilder\/sktbuilder-frontend-starter.js\"><\/script><script type=\"text\/javascript\" src=\"https:\/\/www.kamenityvrch.cz\/wp-content\/plugins\/skt-builder\/sktbuilder-wordpress-driver.js\"><\/script><script type=\"text\/javascript\"> var starter = new SktbuilderStarter({\"mode\": \"prod\", \"skip\":[\"jquery\",\"underscore\",\"backbone\"],\"sktbuilderUrl\": \"https:\/\/www.kamenityvrch.cz\/wp-content\/plugins\/skt-builder\/sktbuilder\/\", \"driver\": new SktbuilderWordpressDriver({\"ajaxUrl\": \"https:\/\/www.kamenityvrch.cz\/wp-admin\/admin-ajax.php\", \"iframeUrl\": \"https:\/\/www.kamenityvrch.cz\/index.php\/prazdninovy-tyden\/?sktbuilder=true\", \"pageId\": 2543, \"pages\": [{\"title\":\"Novinky\",\"url\":\"https:\\\/\\\/www.kamenityvrch.cz\\\/wp-admin\\\/post.php?post=102&action=sktbuilder\"}], \"page\": \"Pr\u00e1zdninov\u00fd t\u00fdden\" }) });<\/script><!-- end sktbuilder starter -->","protected":false},"excerpt":{"rendered":"<p>V t\u00fddnu od 10. do 14. \u010dervence prob\u011bhne hiporehabilita\u010dn\u00ed t\u00fdden pro rodiny d\u011bt\u00ed se specifick\u00fdmi pot\u0159ebami. Krom\u011b kon\u00ed se m\u016f\u017eete t\u011b\u0161it tak\u00e9 na uk\u00e1zky dal\u0161\u00edch metod (fyzioterapie, muzikoterapie, canisterapie, artefiletika aj.). \u010cekaj\u00ed n\u00e1s tak\u00e9 spole\u010dn\u00e9 rozhovory o pot\u0159eb\u00e1ch d\u011bt\u00ed se specifick\u00fdmi pot\u0159ebami, abychom zjistili, jak\u00e9 probl\u00e9my je v oblasti soci\u00e1ln\u00edch slu\u017eeb skute\u010dn\u011b pot\u0159eba \u0159e\u0161it a<br \/><a class=\"moretag\" href=\"https:\/\/www.kamenityvrch.cz\/index.php\/prazdninovy-tyden\/\">+ Read More<\/a><\/p>\n","protected":false},"author":1,"featured_media":0,"parent":0,"menu_order":0,"comment_status":"closed","ping_status":"closed","template":"templates\/page-nosidebar_template.php","meta":{"footnotes":""},"_links":{"self":[{"href":"https:\/\/www.kamenityvrch.cz\/index.php\/wp-json\/wp\/v2\/pages\/2543"}],"collection":[{"href":"https:\/\/www.kamenityvrch.cz\/index.php\/wp-json\/wp\/v2\/pages"}],"about":[{"href":"https:\/\/www.kamenityvrch.cz\/index.php\/wp-json\/wp\/v2\/types\/page"}],"author":[{"embeddable":true,"href":"https:\/\/www.kamenityvrch.cz\/index.php\/wp-json\/wp\/v2\/users\/1"}],"replies":[{"embeddable":true,"href":"https:\/\/www.kamenityvrch.cz\/index.php\/wp-json\/wp\/v2\/comments?post=2543"}],"version-history":[{"count":17,"href":"https:\/\/www.kamenityvrch.cz\/index.php\/wp-json\/wp\/v2\/pages\/2543\/revisions"}],"predecessor-version":[{"id":2655,"href":"https:\/\/www.kamenityvrch.cz\/index.php\/wp-json\/wp\/v2\/pages\/2543\/revisions\/2655"}],"wp:attachment":[{"href":"https:\/\/www.kamenityvrch.cz\/index.php\/wp-json\/wp\/v2\/media?parent=2543"}],"curies":[{"name":"wp","href":"https:\/\/api.w.org\/{rel}","templated":true}]}}