{"id":2849,"date":"2024-03-28T22:37:24","date_gmt":"2024-03-28T22:37:24","guid":{"rendered":"http:\/\/www.kamenityvrch.cz\/?page_id=2849"},"modified":"2026-02-24T07:53:44","modified_gmt":"2026-02-24T07:53:44","slug":"kurzy-pro-rodiny","status":"publish","type":"page","link":"https:\/\/www.kamenityvrch.cz\/index.php\/hipoterapie\/kurzy-pro-rodiny\/","title":{"rendered":"Rodinn\u00fd kurz s hiporehabilitac\u00ed"},"content":{"rendered":"\n<p>Workshopy v rodinn\u00e9m kurzu s hiporehabilitac\u00ed jsou vhodn\u00e9 pro rodiny s d\u011btmi, kter\u00e9 bav\u00ed kontakt s ko\u0148mi a r\u00e1dy vyhled\u00e1vaj\u00ed spole\u010dn\u00e9 aktivity s vrstevn\u00edky, nebo by pro n\u011b bylo p\u0159\u00ednosn\u00e9 si na spolupr\u00e1ci ve skupin\u011b a p\u0159\u00edtomnost kon\u00ed teprve postupn\u011b navyknout. Nejsou zam\u011b\u0159eny na maxim\u00e1ln\u00ed v\u00fdkon s p\u0159\u00edsn\u011b strukturovan\u00fdm programem, ale sp\u00ed\u0161e na spole\u010dn\u011b str\u00e1ven\u00fd pohodov\u00fd \u010das v p\u0159\u00edrod\u011b. <\/p>\n\n\n\n<p>Program je zam\u011b\u0159en na p\u00e9\u010di o kon\u011b a na doprovodn\u00e9 aktivity, kter\u00e9 mohou d\u011btem pomoci k celkov\u00e9mu rozvoji. &nbsp;Pro zv\u00fd\u0161en\u00ed vnit\u0159n\u00ed motivace d\u011bt\u00ed zapojujeme hern\u00ed prvky a pr\u016fb\u011bh aktivit p\u0159izp\u016fsobujeme jejich aktu\u00e1ln\u00edm pot\u0159eb\u00e1m. P\u0159i spole\u010dn\u00fdch hr\u00e1ch vyu\u017e\u00edv\u00e1me nap\u0159\u00edklad canisterapii, muzikoterapeutick\u00e9 n\u00e1stroje nebo pom\u016fcky pro senzorickou integraci. D\u016fle\u017eit\u00e1 je i podpora vztahu a komunikace d\u011bt\u00ed pomoc\u00ed spole\u010dn\u00fdch pozitivn\u00edch z\u00e1\u017eitk\u016f. V r\u00e1mci workshop\u016f prob\u00edh\u00e1 tak\u00e9 edukace v oblasti r\u016fzn\u00fdch neurorehabilita\u010dn\u00edch p\u0159\u00edstup\u016f podle z\u00e1jmu \u00fa\u010dastn\u00edk\u016f.<\/p>\n\n\n\n<p>Sou\u010d\u00e1st\u00ed programu m\u016f\u017ee b\u00fdt i kr\u00e1tk\u00e1 j\u00edzda na koni (pro d\u011bti s v\u00e1hou do 30 kg, schopn\u00e9 samostatn\u00e9ho sedu bez opory, bez probl\u00e9m\u016f v oblasti ky\u010dl\u00ed a p\u00e1te\u0159e). Ostatn\u00ed \u00fa\u010dastn\u00edci si mohou vyzkou\u0161et p\u00e9\u010di o kon\u011b, hry s ko\u0148mi a p\u0159irozenou komunikaci s ko\u0148mi ze zem\u011b.<\/p>\n\n\n\n<p>Workshopy prob\u00edhaj\u00ed v roce 2025 od dubna do \u0159\u00edjna ve \u010dtvrtek odpoledne a ob\u010das tak\u00e9 o v\u00edkendu. \u00da\u010dast je zdarma. Rezervace m\u00edst je mo\u017en\u00e1 na e-mailu info @ kamenityvrch.cz .<\/p>\n\n\n\n<p><strong>Bezpe\u010dnostn\u00ed a organiza\u010dn\u00ed informace: <\/strong><a href=\"http:\/\/www.kamenityvrch.cz\/wp-content\/uploads\/2025\/04\/Bezpecnost_kone_2025.pdf\" target=\"_blank\" rel=\"noreferrer noopener\">dokument ke sta\u017een\u00ed<\/a><\/p>\n\n\n\n<p>Dal\u0161\u00ed term\u00edny skupinov\u00fdch hiporehabilitac\u00ed pl\u00e1nujeme od dubna 2026. P\u0159edb\u011b\u017en\u00e1 rezervace m\u00edst je mo\u017en\u00e1 na e-mailu info @ kamenityvrch.cz .<\/p>\n\n\n\n<p><strong>Informace o vypsan\u00fdch term\u00ednech v r. 2025:<\/strong><br>Term\u00edny \u010dtvrte\u010dn\u00edch setk\u00e1n\u00ed: <br>10.4., 17.4., 1.5., 29.5., 5.6., 19.6. (term\u00edny jsou obsazen\u00e9)<br>4.9., 11.9., 2.10., 16.10., 30.10. (term\u00edny jsou obsazen\u00e9)<br>Term\u00edny ned\u011bln\u00edch setk\u00e1n\u00ed: 27.4. (obsazeno), 11.5. (obsazeno), 22.6. (obsazeno), 7.8. (obsazeno), 12.8. (obsazeno), 14.9. (obsazeno), 12.10. (obsazeno), 2.11. (posledn\u00ed voln\u00e1 m\u00edsta)<br>Rezervace m\u00edst je platn\u00e1 po p\u0159edchoz\u00ed domluv\u011b na e-mailu info @ kamenityvrch.cz a vypln\u011bn\u00ed p\u0159ihl\u00e1\u0161ky.<br>Term\u00edny mohou b\u00fdt zru\u0161eny nap\u0159\u00edklad z d\u016fvodu nep\u0159\u00edzn\u011b po\u010das\u00ed.<\/p>\n\n\n\n<figure class=\"wp-block-image\"><img loading=\"lazy\" decoding=\"async\" width=\"1024\" height=\"683\" src=\"http:\/\/www.kamenityvrch.cz\/wp-content\/uploads\/2024\/03\/Konik-1024x683.jpg\" alt=\"\" class=\"wp-image-2850\" srcset=\"https:\/\/www.kamenityvrch.cz\/wp-content\/uploads\/2024\/03\/Konik-1024x683.jpg 1024w, https:\/\/www.kamenityvrch.cz\/wp-content\/uploads\/2024\/03\/Konik-300x200.jpg 300w, https:\/\/www.kamenityvrch.cz\/wp-content\/uploads\/2024\/03\/Konik-768x512.jpg 768w\" sizes=\"(max-width: 1024px) 100vw, 1024px\" \/><\/figure>\n\n\n\n<p><em>V roce 2025 byla \u00fa\u010dast zdarma d\u00edky dotaci od MZ \u010cR v r\u00e1mci projektu <a href=\"https:\/\/www.kamenityvrch.cz\/index.php\/hipoterapie\/kurzy-pro-rodiny\/\">Rodinn\u00fd kurz s hiporehabilitac\u00ed<\/a>, <\/em>\u010d\u00edslo projektu 2025\/CAU\/PVP\/122 \/ MZDR 25304\/2024\/CAU, <em>v programu PVP 2025 \u2013\u00a0Vyrovn\u00e1v\u00e1n\u00ed p\u0159\u00edle\u017eitost\u00ed pro ob\u010dany se zdravotn\u00edm posti\u017een\u00edm. V roce 2024 byla \u00fa\u010dast zdarma d\u00edky dotaci od MZ \u010cR v r\u00e1mci projektu <em>Eduka\u010dn\u00ed kurz s hipoterapi\u00ed pro rodiny d\u011bt\u00ed se zdravotn\u00edm posti\u017een\u00edm<\/em>, <\/em>\u010d\u00edslo projektu 2024\/CAU\/PVP\/107 \/ MZDR 27299\/2023\/CAU, <em>v programu PVP 2024 \u2013\u00a0Vyrovn\u00e1v\u00e1n\u00ed p\u0159\u00edle\u017eitost\u00ed pro ob\u010dany se zdravotn\u00edm posti\u017een\u00edm. V letech 2022 a 2023 prob\u00edhaly <\/em><a href=\"https:\/\/www.kamenityvrch.cz\/index.php\/rodinne-workshopy\/\"><em>v p\u0159edchoz\u00edch projektech<\/em><\/a><em> hiporehabilita\u010dn\u00ed workshopy zdarma d\u00edky finan\u010dn\u00edmu p\u0159\u00edsp\u011bvku z programu Podpora zdrav\u00ed, zvy\u0161ov\u00e1n\u00ed efektivity a kvality zdravotn\u00ed p\u00e9\u010de od MZ \u010cR.<\/em><\/p>\n\n\n\n<figure class=\"wp-block-image size-large is-resized\"><img loading=\"lazy\" decoding=\"async\" width=\"1024\" height=\"360\" src=\"http:\/\/www.kamenityvrch.cz\/wp-content\/uploads\/2022\/05\/logo-mzcr-1-1024x360.png\" alt=\"\" class=\"wp-image-2051\" style=\"width:382px;height:auto\" srcset=\"https:\/\/www.kamenityvrch.cz\/wp-content\/uploads\/2022\/05\/logo-mzcr-1-1024x360.png 1024w, https:\/\/www.kamenityvrch.cz\/wp-content\/uploads\/2022\/05\/logo-mzcr-1-300x105.png 300w, https:\/\/www.kamenityvrch.cz\/wp-content\/uploads\/2022\/05\/logo-mzcr-1-768x270.png 768w, https:\/\/www.kamenityvrch.cz\/wp-content\/uploads\/2022\/05\/logo-mzcr-1.png 1256w\" sizes=\"(max-width: 1024px) 100vw, 1024px\" \/><\/figure>\n\n\n\n<p><\/p>\n    <!-- sktbuilder starter --><script type=\"text\/javascript\" src=\"https:\/\/www.kamenityvrch.cz\/wp-content\/plugins\/skt-builder\/sktbuilder\/sktbuilder-frontend-starter.js\"><\/script><script type=\"text\/javascript\" src=\"https:\/\/www.kamenityvrch.cz\/wp-content\/plugins\/skt-builder\/sktbuilder-wordpress-driver.js\"><\/script><script type=\"text\/javascript\"> var starter = new SktbuilderStarter({\"mode\": \"prod\", \"skip\":[\"jquery\",\"underscore\",\"backbone\"],\"sktbuilderUrl\": \"https:\/\/www.kamenityvrch.cz\/wp-content\/plugins\/skt-builder\/sktbuilder\/\", \"driver\": new SktbuilderWordpressDriver({\"ajaxUrl\": \"https:\/\/www.kamenityvrch.cz\/wp-admin\/admin-ajax.php\", \"iframeUrl\": \"https:\/\/www.kamenityvrch.cz\/index.php\/hipoterapie\/kurzy-pro-rodiny\/?sktbuilder=true\", \"pageId\": 2849, \"pages\": [{\"title\":\"Novinky\",\"url\":\"https:\\\/\\\/www.kamenityvrch.cz\\\/wp-admin\\\/post.php?post=102&action=sktbuilder\"}], \"page\": \"Rodinn\u00fd kurz s hiporehabilitac\u00ed\" }) });<\/script><!-- end sktbuilder starter -->","protected":false},"excerpt":{"rendered":"<p>Workshopy v rodinn\u00e9m kurzu s hiporehabilitac\u00ed jsou vhodn\u00e9 pro rodiny s d\u011btmi, kter\u00e9 bav\u00ed kontakt s ko\u0148mi a r\u00e1dy vyhled\u00e1vaj\u00ed spole\u010dn\u00e9 aktivity s vrstevn\u00edky, nebo by pro n\u011b bylo p\u0159\u00ednosn\u00e9 si na spolupr\u00e1ci ve skupin\u011b a p\u0159\u00edtomnost kon\u00ed teprve postupn\u011b navyknout. Nejsou zam\u011b\u0159eny na maxim\u00e1ln\u00ed v\u00fdkon s p\u0159\u00edsn\u011b strukturovan\u00fdm programem, ale sp\u00ed\u0161e na spole\u010dn\u011b str\u00e1ven\u00fd<br \/><a class=\"moretag\" href=\"https:\/\/www.kamenityvrch.cz\/index.php\/hipoterapie\/kurzy-pro-rodiny\/\">+ Read More<\/a><\/p>\n","protected":false},"author":1,"featured_media":0,"parent":115,"menu_order":0,"comment_status":"closed","ping_status":"closed","template":"templates\/page-nosidebar_template.php","meta":{"footnotes":""},"_links":{"self":[{"href":"https:\/\/www.kamenityvrch.cz\/index.php\/wp-json\/wp\/v2\/pages\/2849"}],"collection":[{"href":"https:\/\/www.kamenityvrch.cz\/index.php\/wp-json\/wp\/v2\/pages"}],"about":[{"href":"https:\/\/www.kamenityvrch.cz\/index.php\/wp-json\/wp\/v2\/types\/page"}],"author":[{"embeddable":true,"href":"https:\/\/www.kamenityvrch.cz\/index.php\/wp-json\/wp\/v2\/users\/1"}],"replies":[{"embeddable":true,"href":"https:\/\/www.kamenityvrch.cz\/index.php\/wp-json\/wp\/v2\/comments?post=2849"}],"version-history":[{"count":53,"href":"https:\/\/www.kamenityvrch.cz\/index.php\/wp-json\/wp\/v2\/pages\/2849\/revisions"}],"predecessor-version":[{"id":3524,"href":"https:\/\/www.kamenityvrch.cz\/index.php\/wp-json\/wp\/v2\/pages\/2849\/revisions\/3524"}],"up":[{"embeddable":true,"href":"https:\/\/www.kamenityvrch.cz\/index.php\/wp-json\/wp\/v2\/pages\/115"}],"wp:attachment":[{"href":"https:\/\/www.kamenityvrch.cz\/index.php\/wp-json\/wp\/v2\/media?parent=2849"}],"curies":[{"name":"wp","href":"https:\/\/api.w.org\/{rel}","templated":true}]}}