{"id":2879,"date":"2024-04-01T14:31:01","date_gmt":"2024-04-01T14:31:01","guid":{"rendered":"http:\/\/www.kamenityvrch.cz\/?page_id=2879"},"modified":"2024-08-12T09:08:15","modified_gmt":"2024-08-12T09:08:15","slug":"spolu-s-konmi","status":"publish","type":"page","link":"https:\/\/www.kamenityvrch.cz\/index.php\/zazitkova-pedagogika-s-konmi\/spolu-s-konmi\/","title":{"rendered":"Spolu, s ko\u0148mi"},"content":{"rendered":"\n<h4 class=\"wp-block-heading\">Rodinn\u00e9 z\u00e1\u017eitkov\u00e9 workshopy o hiporehabilitaci<\/h4>\n\n\n\n<p>Workshopy jsou vhodn\u00e9 pro rodiny s d\u011btmi p\u0159ed\u0161koln\u00edho a mlad\u0161\u00edho \u0161koln\u00edho v\u011bku. Rodiny si vyzkou\u0161ej\u00ed p\u00e9\u010di o kon\u011b a dal\u0161\u00ed aktivity s ko\u0148mi. Sou\u010d\u00e1st\u00ed programu m\u016f\u017ee b\u00fdt i kr\u00e1tk\u00e1 j\u00edzda na koni (pro d\u011bti do cca 25 kg bez probl\u00e9m\u016f v oblasti pohybov\u00e9ho apar\u00e1tu). Zapojit se mohou i rodi\u010de, kte\u0159\u00ed si mohou vyzkou\u0161et spolu s&nbsp;d\u011btmi principy komunikace s&nbsp;kon\u011bm ze zem\u011b a pr\u00e1ce s tlakem a odm\u011bnou. <br>Workshopy jsou zam\u011b\u0159eny tak\u00e9 na edukaci d\u011bt\u00ed a jejich rodi\u010d\u016f o hiporehabilitaci, kter\u00e1 prob\u00edh\u00e1 formou diskuse s praktick\u00fdmi uk\u00e1zkami. Rodiny se dozv\u011bd\u00ed jak\u00e9 jsou obory hiporehabilitace, pro koho se vyu\u017e\u00edv\u00e1, jak\u00e9 m\u00e1 \u00fa\u010dinky, jak jsou cvi\u010deni hiporehabilita\u010dn\u00ed kon\u011b, jak\u00e1 bezpe\u010dnostn\u00ed pravidla je pot\u0159eba u kon\u00ed dodr\u017eovat a dal\u0161\u00ed informace, kter\u00e9 je budou zaj\u00edmat. P\u0159ipraveny jsou i hrav\u00e9 doprovodn\u00e9 aktivity, kter\u00e9 mohou d\u011btem pomoci k celkov\u00e9mu rozvoji.<\/p>\n\n\n\n<p>Pokud byste m\u011bli z\u00e1jem o podobn\u00fd typ akce pro va\u0161i c\u00edlovou skupinu, napi\u0161te n\u00e1m na info@kamenityvrch.cz a r\u00e1di p\u0159iprav\u00edme program na m\u00edru va\u0161im pot\u0159eb\u00e1m.<\/p>\n\n\n\n<p>D\u0159\u00edve prob\u011bhl\u00e9 akce:<\/p>\n\n\n\n<h2 class=\"wp-block-heading\">Workshop o hiporehablitaci pro rodiny d\u011bt\u00ed se specifick\u00fdmi pot\u0159ebami<\/h2>\n\n\n\n<p>Workshop je vhodn\u00fd zejm\u00e9na pro rodiny, kter\u00e9 se cht\u011bj\u00ed dozv\u011bd\u011bt, zda je pro jejich d\u011bti hiporehabilitace vhodn\u00e1. D\u011bti si vyzkou\u0161ej\u00ed kontakt s ko\u0148mi a pokud budou cht\u00edt, tak i kr\u00e1tkou j\u00edzdu na koni. Rodi\u010de se dozv\u011bd\u00ed jak\u00e9 jsou typy hiporehabilitace a pro koho je tato metoda p\u0159\u00ednosn\u00e1.<\/p>\n\n\n\n<figure class=\"wp-block-image\"><img loading=\"lazy\" decoding=\"async\" width=\"724\" height=\"1024\" src=\"https:\/\/www.kamenityvrch.cz\/wp-content\/uploads\/2024\/04\/spoluskonmi-724x1024.png\" alt=\"\" class=\"wp-image-2893\" srcset=\"https:\/\/www.kamenityvrch.cz\/wp-content\/uploads\/2024\/04\/spoluskonmi-724x1024.png 724w, https:\/\/www.kamenityvrch.cz\/wp-content\/uploads\/2024\/04\/spoluskonmi-212x300.png 212w, https:\/\/www.kamenityvrch.cz\/wp-content\/uploads\/2024\/04\/spoluskonmi-768x1086.png 768w, https:\/\/www.kamenityvrch.cz\/wp-content\/uploads\/2024\/04\/spoluskonmi.png 1587w\" sizes=\"(max-width: 724px) 100vw, 724px\" \/><\/figure>\n\n\n\n<h2 class=\"wp-block-heading\"><strong>Rodinn\u00fd workshop o hiporehabilitaci v kontaktn\u00ed terapii<\/strong><\/h2>\n\n\n\n<p>Workshop je ur\u010den\u00fd pro rodiny s d\u011btmi, v\u010detn\u011b d\u011bt\u00ed se specifick\u00fdmi pot\u0159ebami. Program povede na\u0161e lektorka B\u00e1ra Voltrov\u00e1 a pom\u00e1hat j\u00ed bude welsh pony Karlen-Ostwind. Tento workshop neobsahuje j\u00edzdu na koni.<\/p>\n\n\n\n<figure class=\"wp-block-image\"><img loading=\"lazy\" decoding=\"async\" width=\"724\" height=\"1024\" src=\"https:\/\/www.kamenityvrch.cz\/wp-content\/uploads\/2024\/04\/wokrshopMnisek-724x1024.jpg\" alt=\"\" class=\"wp-image-2885\" srcset=\"https:\/\/www.kamenityvrch.cz\/wp-content\/uploads\/2024\/04\/wokrshopMnisek-724x1024.jpg 724w, https:\/\/www.kamenityvrch.cz\/wp-content\/uploads\/2024\/04\/wokrshopMnisek-212x300.jpg 212w, https:\/\/www.kamenityvrch.cz\/wp-content\/uploads\/2024\/04\/wokrshopMnisek-768x1086.jpg 768w, https:\/\/www.kamenityvrch.cz\/wp-content\/uploads\/2024\/04\/wokrshopMnisek.jpg 843w\" sizes=\"(max-width: 724px) 100vw, 724px\" \/><\/figure>\n\n\n\n<h2 class=\"wp-block-heading\"><strong>Workshopy o hiporehabilitaci pro dom\u0161kol\u00e1ck\u00e9 rodiny<\/strong><\/h2>\n\n\n\n<p>Akce jsou ur\u010deny pro rodiny s d\u011btmi, kter\u00e9 nenav\u0161t\u011bvuj\u00ed \u017e\u00e1dnou instituci a jsou v&nbsp;individu\u00e1ln\u00edm vzd\u011bl\u00e1v\u00e1n\u00ed. Maj\u00ed tedy prostor ve v\u0161edn\u00ed dny a vyhled\u00e1vaj\u00ed kontakt se zv\u00ed\u0159aty, zejm\u00e9na s&nbsp;ko\u0148mi. Z\u00e1rove\u0148 p\u016fjde o p\u0159\u00edle\u017eitost k propojen\u00ed rodin, kter\u00e9 maj\u00ed podobn\u00e9 c\u00edt\u011bn\u00ed a vize.  <\/p>\n\n\n\n<p>Jak workshopy prob\u00edhaj\u00ed si m\u016f\u017eete p\u0159e\u010d\u00edst tak\u00e9 v <a rel=\"noreferrer noopener\" href=\"https:\/\/altermater.ivatesarikova.cz\/silnejsi_nez_myslenka\/\" target=\"_blank\">\u010dl\u00e1nku o workshopu pro dom\u0161kol\u00e1ky<\/a> na bogu AlterMater. <\/p>\n\n\n\n<figure class=\"wp-block-image\"><img loading=\"lazy\" decoding=\"async\" width=\"724\" height=\"1024\" src=\"https:\/\/www.kamenityvrch.cz\/wp-content\/uploads\/2024\/04\/workshopybrezen23-724x1024.png\" alt=\"\" class=\"wp-image-2880\" srcset=\"https:\/\/www.kamenityvrch.cz\/wp-content\/uploads\/2024\/04\/workshopybrezen23-724x1024.png 724w, https:\/\/www.kamenityvrch.cz\/wp-content\/uploads\/2024\/04\/workshopybrezen23-212x300.png 212w, https:\/\/www.kamenityvrch.cz\/wp-content\/uploads\/2024\/04\/workshopybrezen23-768x1086.png 768w, https:\/\/www.kamenityvrch.cz\/wp-content\/uploads\/2024\/04\/workshopybrezen23.png 1587w\" sizes=\"(max-width: 724px) 100vw, 724px\" \/><\/figure>\n\n\n\n<hr class=\"wp-block-separator has-css-opacity\"\/>\n\n\n\n<p>V b\u0159eznu a dubnu 2024 byly workshopy financov\u00e1ny z programu OPZ+ MPSV v r\u00e1mci projektu&nbsp;<em><a href=\"https:\/\/www.kamenityvrch.cz\/index.php\/inovace-v-hiporehabilitaci-v-socialni-praxi\/\">Spolupr\u00e1ce p\u0159i inovaci hiporehabilitace v soci\u00e1ln\u00ed praxi se zam\u011b\u0159en\u00edm na rodiny s d\u011btmi se specifick\u00fdmi pot\u0159ebami<\/a>&nbsp;CZ.03.03.01\/00\/22_021\/0001564&nbsp;<\/em>, na kter\u00e9m jsme se pod\u00edleli jako partnersk\u00e1 organizace. Projekt realizoval spolek&nbsp;<a href=\"https:\/\/www.hipojupiter.cz\/\" target=\"_blank\" rel=\"noreferrer noopener\">Hiporehabilitace Jupiter<\/a>, dal\u0161\u00edm partnerem projektu byl&nbsp;<a href=\"http:\/\/vladykuvdvur.cz\/\" target=\"_blank\" rel=\"noreferrer noopener\">Vladyk\u016fv Dv\u016fr<\/a>.<\/p>\n\n\n\n<p>Krom\u011b workshop\u016f n\u00e1\u0161 spolek v projektu nadesignoval a otestoval <a href=\"https:\/\/www.kamenityvrch.cz\/index.php\/prazdninovy-tyden\/\">pr\u00e1zdninov\u00fd t\u00fdden<\/a> a <a href=\"https:\/\/www.kamenityvrch.cz\/index.php\/hipoterapie\/krouzek-pro-nejmensi\/\">hiporehabilita\u010dn\u00ed krou\u017eky<\/a>.<\/p>\n\n\n\n<p>Dal\u0161\u00ed informace, n\u00e1vody, inspiraci pro hiporehabilita\u010dn\u00ed pracovn\u00edky naleznete <a href=\"https:\/\/www.kamenityvrch.cz\/index.php\/inovace-v-hiporehabilitaci-v-socialni-praxi\/\">na str\u00e1nce o projektu<\/a>.<br><\/p>\n\n\n\n<figure class=\"wp-block-image size-large\"><img loading=\"lazy\" decoding=\"async\" width=\"1024\" height=\"306\" src=\"http:\/\/www.kamenityvrch.cz\/wp-content\/uploads\/2024\/08\/EU-FINANCOVANO-Barevne-1024x306.png\" alt=\"\" class=\"wp-image-3279\" srcset=\"https:\/\/www.kamenityvrch.cz\/wp-content\/uploads\/2024\/08\/EU-FINANCOVANO-Barevne-1024x306.png 1024w, https:\/\/www.kamenityvrch.cz\/wp-content\/uploads\/2024\/08\/EU-FINANCOVANO-Barevne-300x90.png 300w, https:\/\/www.kamenityvrch.cz\/wp-content\/uploads\/2024\/08\/EU-FINANCOVANO-Barevne-768x230.png 768w, https:\/\/www.kamenityvrch.cz\/wp-content\/uploads\/2024\/08\/EU-FINANCOVANO-Barevne-1536x460.png 1536w, https:\/\/www.kamenityvrch.cz\/wp-content\/uploads\/2024\/08\/EU-FINANCOVANO-Barevne-2048x613.png 2048w\" sizes=\"(max-width: 1024px) 100vw, 1024px\" \/><\/figure>\n    <!-- sktbuilder starter --><script type=\"text\/javascript\" src=\"https:\/\/www.kamenityvrch.cz\/wp-content\/plugins\/skt-builder\/sktbuilder\/sktbuilder-frontend-starter.js\"><\/script><script type=\"text\/javascript\" src=\"https:\/\/www.kamenityvrch.cz\/wp-content\/plugins\/skt-builder\/sktbuilder-wordpress-driver.js\"><\/script><script type=\"text\/javascript\"> var starter = new SktbuilderStarter({\"mode\": \"prod\", \"skip\":[\"jquery\",\"underscore\",\"backbone\"],\"sktbuilderUrl\": \"https:\/\/www.kamenityvrch.cz\/wp-content\/plugins\/skt-builder\/sktbuilder\/\", \"driver\": new SktbuilderWordpressDriver({\"ajaxUrl\": \"https:\/\/www.kamenityvrch.cz\/wp-admin\/admin-ajax.php\", \"iframeUrl\": \"https:\/\/www.kamenityvrch.cz\/index.php\/zazitkova-pedagogika-s-konmi\/spolu-s-konmi\/?sktbuilder=true\", \"pageId\": 2879, \"pages\": [{\"title\":\"Novinky\",\"url\":\"https:\\\/\\\/www.kamenityvrch.cz\\\/wp-admin\\\/post.php?post=102&action=sktbuilder\"}], \"page\": \"Spolu, s ko\u0148mi\" }) });<\/script><!-- end sktbuilder starter -->","protected":false},"excerpt":{"rendered":"<p>Rodinn\u00e9 z\u00e1\u017eitkov\u00e9 workshopy o hiporehabilitaci Workshopy jsou vhodn\u00e9 pro rodiny s d\u011btmi p\u0159ed\u0161koln\u00edho a mlad\u0161\u00edho \u0161koln\u00edho v\u011bku. Rodiny si vyzkou\u0161ej\u00ed p\u00e9\u010di o kon\u011b a dal\u0161\u00ed aktivity s ko\u0148mi. Sou\u010d\u00e1st\u00ed programu m\u016f\u017ee b\u00fdt i kr\u00e1tk\u00e1 j\u00edzda na koni (pro d\u011bti do cca 25 kg bez probl\u00e9m\u016f v oblasti pohybov\u00e9ho apar\u00e1tu). Zapojit se mohou i rodi\u010de, kte\u0159\u00ed<br \/><a class=\"moretag\" href=\"https:\/\/www.kamenityvrch.cz\/index.php\/zazitkova-pedagogika-s-konmi\/spolu-s-konmi\/\">+ Read More<\/a><\/p>\n","protected":false},"author":1,"featured_media":0,"parent":1148,"menu_order":0,"comment_status":"closed","ping_status":"closed","template":"templates\/page-nosidebar_template.php","meta":{"footnotes":""},"_links":{"self":[{"href":"https:\/\/www.kamenityvrch.cz\/index.php\/wp-json\/wp\/v2\/pages\/2879"}],"collection":[{"href":"https:\/\/www.kamenityvrch.cz\/index.php\/wp-json\/wp\/v2\/pages"}],"about":[{"href":"https:\/\/www.kamenityvrch.cz\/index.php\/wp-json\/wp\/v2\/types\/page"}],"author":[{"embeddable":true,"href":"https:\/\/www.kamenityvrch.cz\/index.php\/wp-json\/wp\/v2\/users\/1"}],"replies":[{"embeddable":true,"href":"https:\/\/www.kamenityvrch.cz\/index.php\/wp-json\/wp\/v2\/comments?post=2879"}],"version-history":[{"count":73,"href":"https:\/\/www.kamenityvrch.cz\/index.php\/wp-json\/wp\/v2\/pages\/2879\/revisions"}],"predecessor-version":[{"id":3282,"href":"https:\/\/www.kamenityvrch.cz\/index.php\/wp-json\/wp\/v2\/pages\/2879\/revisions\/3282"}],"up":[{"embeddable":true,"href":"https:\/\/www.kamenityvrch.cz\/index.php\/wp-json\/wp\/v2\/pages\/1148"}],"wp:attachment":[{"href":"https:\/\/www.kamenityvrch.cz\/index.php\/wp-json\/wp\/v2\/media?parent=2879"}],"curies":[{"name":"wp","href":"https:\/\/api.w.org\/{rel}","templated":true}]}}