{"id":78,"date":"2019-06-03T21:28:10","date_gmt":"2019-06-03T21:28:10","guid":{"rendered":"http:\/\/www.kamenityvrch.cz\/?page_id=78"},"modified":"2026-02-21T19:45:33","modified_gmt":"2026-02-21T19:45:33","slug":"kone","status":"publish","type":"page","link":"https:\/\/www.kamenityvrch.cz\/index.php\/kone\/","title":{"rendered":"Ko\u0148\u0161t\u00ed \u010dlenov\u00e9 t\u00fdmu"},"content":{"rendered":"\n<p>Kon\u011b \u017eij\u00ed celoro\u010dn\u011b na pastvin\u00e1ch, kde si u\u017e\u00edvaj\u00ed spole\u010dnost sv\u00e9ho st\u00e1da. V srpnu 2020 \u00fasp\u011b\u0161n\u011b absolvovali Praktick\u00e9 specializa\u010dn\u00ed zkou\u0161ky pro kon\u011b a pony za\u0159azen\u00e9 do hiporehabilitace na pln\u00fd po\u010det bod\u016f a z\u00edskali tak na p\u011bt let certifik\u00e1t \u010cesk\u00e9 hiporehabilita\u010dn\u00ed spole\u010dnosti. Pom\u00e1hali n\u00e1m p\u0159i z\u00e1\u017eitkov\u00e9 pedagogice, hiporehabilitac\u00edch i v\u00fduce student\u016f ve st\u0159edisku praktick\u00e9 v\u00fduky a doporu\u010den\u00e9 hiporehabilitace \u010cHS, kter\u00e9 jsme provozovali do roku 2025. Nyn\u00ed ji\u017e pracuj\u00ed jen v omezen\u00e9 m\u00ed\u0159e s ohledem na jejich zdravotn\u00ed stav a na jejich preference, tak, abychom jim dop\u0159\u00e1li co nejv\u00edce pohody a pozitivn\u00edch z\u00e1\u017eitk\u016f.<\/p>\n\n\n\n<h4 class=\"wp-block-heading\">Batylda<\/h4>\n\n\n\n<figure class=\"wp-block-image is-resized\"><img loading=\"lazy\" decoding=\"async\" width=\"400\" height=\"400\" src=\"http:\/\/www.kamenityvrch.cz\/wp-content\/uploads\/2019\/06\/batylda.png\" alt=\"\" class=\"wp-image-69\" style=\"width:204px;height:204px\" srcset=\"https:\/\/www.kamenityvrch.cz\/wp-content\/uploads\/2019\/06\/batylda.png 400w, https:\/\/www.kamenityvrch.cz\/wp-content\/uploads\/2019\/06\/batylda-150x150.png 150w, https:\/\/www.kamenityvrch.cz\/wp-content\/uploads\/2019\/06\/batylda-300x300.png 300w\" sizes=\"(max-width: 400px) 100vw, 400px\" \/><\/figure>\n\n\n\n<p>Kobylka typu Welsh part bred, kter\u00e1 byla p\u0159ipravovan\u00e1 pro hiporehabilitaci u\u017e od mali\u010dka u Jitky Bedn\u00e1\u0159ov\u00e9 Sm\u00ed\u0161kov\u00e9 ve St\u0159edisku doporu\u010den\u00e9 hiporehabilitace \u010cHS\u00a0<a aria-label=\"JS Hobit Doma\u0161ov (otev\u0159e se na nov\u00e9 z\u00e1lo\u017ece)\" href=\"http:\/\/www.jshobit.estranky.cz\/\" target=\"_blank\" rel=\"noreferrer noopener\">JS Hobit Doma\u0161ov<\/a>. Je velmi p\u0159\u00e1telsk\u00e1, r\u00e1da se nech\u00e1 \u010distit a ochotn\u011b pln\u00ed r\u016fzn\u00e9 \u00fakoly. Sice p\u0159i\u0161la o oko a druh\u00e9 u\u017e m\u00e1 tak\u00e9 po\u0161kozen\u00e9, ale to j\u00ed nebr\u00e1n\u00ed ve zv\u011bdav\u00e9m zkoum\u00e1n\u00ed okol\u00ed.<\/p>\n\n\n\n<h4 class=\"wp-block-heading\">Vesna<\/h4>\n\n\n\n<figure class=\"wp-block-image is-resized\"><img loading=\"lazy\" decoding=\"async\" width=\"400\" height=\"400\" src=\"http:\/\/www.kamenityvrch.cz\/wp-content\/uploads\/2019\/06\/vesna.png\" alt=\"\" class=\"wp-image-182\" style=\"width:206px;height:206px\" srcset=\"https:\/\/www.kamenityvrch.cz\/wp-content\/uploads\/2019\/06\/vesna.png 400w, https:\/\/www.kamenityvrch.cz\/wp-content\/uploads\/2019\/06\/vesna-150x150.png 150w, https:\/\/www.kamenityvrch.cz\/wp-content\/uploads\/2019\/06\/vesna-300x300.png 300w\" sizes=\"(max-width: 400px) 100vw, 400px\" \/><\/figure>\n\n\n\n<p>Vesna je hodn\u00e1 a trp\u011bliv\u00e1 kobyla sm\u00ed\u0161en\u00e9ho p\u016fvodu. S lidmi ochotn\u011b spolupracuje, mezi ko\u0148mi si um\u00ed jasn\u011b vymezit sv\u016fj prostor. Je nejv\u011bt\u0161\u00ed a v\u016fd\u010d\u00ed kobylou st\u00e1da.<\/p>\n\n\n\n<h4 class=\"wp-block-heading\">Kenvelo<\/h4>\n\n\n\n<figure class=\"wp-block-image is-resized\"><img loading=\"lazy\" decoding=\"async\" width=\"400\" height=\"400\" src=\"http:\/\/www.kamenityvrch.cz\/wp-content\/uploads\/2019\/06\/keny.png\" alt=\"\" class=\"wp-image-183\" style=\"width:206px;height:206px\" srcset=\"https:\/\/www.kamenityvrch.cz\/wp-content\/uploads\/2019\/06\/keny.png 400w, https:\/\/www.kamenityvrch.cz\/wp-content\/uploads\/2019\/06\/keny-150x150.png 150w, https:\/\/www.kamenityvrch.cz\/wp-content\/uploads\/2019\/06\/keny-300x300.png 300w\" sizes=\"(max-width: 400px) 100vw, 400px\" \/><\/figure>\n\n\n\n<p>Kenvelo je hrd\u00fd syn anglokabardinsk\u00e9ho h\u0159ebce Kamaze, charaktern\u00edho parkurov\u00e9ho skokana. Nem\u00e1 r\u00e1d zbyte\u010dn\u00fd n\u00e1tlak a p\u0159ehnan\u00e9 ambice, ale p\u0159i empatick\u00e9m a citliv\u00e9m p\u0159\u00edstupu je ochotn\u00fd spolupracovat i s t\u011bmi nejmen\u0161\u00edmi d\u011btmi.<\/p>\n\n\n\n<h4 class=\"wp-block-heading\">Fergie<\/h4>\n\n\n\n<figure class=\"wp-block-image is-resized\"><img loading=\"lazy\" decoding=\"async\" width=\"400\" height=\"400\" src=\"http:\/\/www.kamenityvrch.cz\/wp-content\/uploads\/2019\/06\/fergie.png\" alt=\"\" class=\"wp-image-184\" style=\"width:202px;height:202px\" srcset=\"https:\/\/www.kamenityvrch.cz\/wp-content\/uploads\/2019\/06\/fergie.png 400w, https:\/\/www.kamenityvrch.cz\/wp-content\/uploads\/2019\/06\/fergie-150x150.png 150w, https:\/\/www.kamenityvrch.cz\/wp-content\/uploads\/2019\/06\/fergie-300x300.png 300w\" sizes=\"(max-width: 400px) 100vw, 400px\" \/><\/figure>\n\n\n\n<p>Fjordsk\u00e1 kobyla Fergie se hned tak ni\u010deho nezalekne, tak\u017ee ani divok\u00e1 prasata pod kopyty ji v\u011bt\u0161inou nevyvedou z m\u00edry. P\u0159i dodr\u017een\u00ed d\u016fsledn\u00e9ho a spravedliv\u00e9ho p\u0159\u00edstupu je i p\u0159i samostatn\u00fdch vyj\u00ed\u017e\u010fk\u00e1ch klidn\u00e1 a spolehliv\u00e1. <\/p>\n    <!-- sktbuilder starter --><script type=\"text\/javascript\" src=\"https:\/\/www.kamenityvrch.cz\/wp-content\/plugins\/skt-builder\/sktbuilder\/sktbuilder-frontend-starter.js\"><\/script><script type=\"text\/javascript\" src=\"https:\/\/www.kamenityvrch.cz\/wp-content\/plugins\/skt-builder\/sktbuilder-wordpress-driver.js\"><\/script><script type=\"text\/javascript\"> var starter = new SktbuilderStarter({\"mode\": \"prod\", \"skip\":[\"jquery\",\"underscore\",\"backbone\"],\"sktbuilderUrl\": \"https:\/\/www.kamenityvrch.cz\/wp-content\/plugins\/skt-builder\/sktbuilder\/\", \"driver\": new SktbuilderWordpressDriver({\"ajaxUrl\": \"https:\/\/www.kamenityvrch.cz\/wp-admin\/admin-ajax.php\", \"iframeUrl\": \"https:\/\/www.kamenityvrch.cz\/index.php\/kone\/?sktbuilder=true\", \"pageId\": 78, \"pages\": [{\"title\":\"Novinky\",\"url\":\"https:\\\/\\\/www.kamenityvrch.cz\\\/wp-admin\\\/post.php?post=102&action=sktbuilder\"}], \"page\": \"Ko\u0148\u0161t\u00ed \u010dlenov\u00e9 t\u00fdmu\" }) });<\/script><!-- end sktbuilder starter -->","protected":false},"excerpt":{"rendered":"<p>Kon\u011b \u017eij\u00ed celoro\u010dn\u011b na pastvin\u00e1ch, kde si u\u017e\u00edvaj\u00ed spole\u010dnost sv\u00e9ho st\u00e1da. V srpnu 2020 \u00fasp\u011b\u0161n\u011b absolvovali Praktick\u00e9 specializa\u010dn\u00ed zkou\u0161ky pro kon\u011b a pony za\u0159azen\u00e9 do hiporehabilitace na pln\u00fd po\u010det bod\u016f a z\u00edskali tak na p\u011bt let certifik\u00e1t \u010cesk\u00e9 hiporehabilita\u010dn\u00ed spole\u010dnosti. Pom\u00e1hali n\u00e1m p\u0159i z\u00e1\u017eitkov\u00e9 pedagogice, hiporehabilitac\u00edch i v\u00fduce student\u016f ve st\u0159edisku praktick\u00e9 v\u00fduky a doporu\u010den\u00e9<br \/><a class=\"moretag\" href=\"https:\/\/www.kamenityvrch.cz\/index.php\/kone\/\">+ Read More<\/a><\/p>\n","protected":false},"author":1,"featured_media":198,"parent":0,"menu_order":0,"comment_status":"closed","ping_status":"closed","template":"templates\/page-nosidebar_template.php","meta":{"footnotes":""},"_links":{"self":[{"href":"https:\/\/www.kamenityvrch.cz\/index.php\/wp-json\/wp\/v2\/pages\/78"}],"collection":[{"href":"https:\/\/www.kamenityvrch.cz\/index.php\/wp-json\/wp\/v2\/pages"}],"about":[{"href":"https:\/\/www.kamenityvrch.cz\/index.php\/wp-json\/wp\/v2\/types\/page"}],"author":[{"embeddable":true,"href":"https:\/\/www.kamenityvrch.cz\/index.php\/wp-json\/wp\/v2\/users\/1"}],"replies":[{"embeddable":true,"href":"https:\/\/www.kamenityvrch.cz\/index.php\/wp-json\/wp\/v2\/comments?post=78"}],"version-history":[{"count":61,"href":"https:\/\/www.kamenityvrch.cz\/index.php\/wp-json\/wp\/v2\/pages\/78\/revisions"}],"predecessor-version":[{"id":3513,"href":"https:\/\/www.kamenityvrch.cz\/index.php\/wp-json\/wp\/v2\/pages\/78\/revisions\/3513"}],"wp:featuredmedia":[{"embeddable":true,"href":"https:\/\/www.kamenityvrch.cz\/index.php\/wp-json\/wp\/v2\/media\/198"}],"wp:attachment":[{"href":"https:\/\/www.kamenityvrch.cz\/index.php\/wp-json\/wp\/v2\/media?parent=78"}],"curies":[{"name":"wp","href":"https:\/\/api.w.org\/{rel}","templated":true}]}}